{"id":5,"date":"2026-01-23T11:24:48","date_gmt":"2026-01-23T10:24:48","guid":{"rendered":"https:\/\/buzzartfestival.com\/?page_id=5"},"modified":"2026-03-24T15:49:16","modified_gmt":"2026-03-24T14:49:16","slug":"le-festival","status":"publish","type":"page","link":"https:\/\/www.buzzartfestival.com\/en\/le-festival\/","title":{"rendered":"About Us"},"content":{"rendered":"<div data-elementor-type=\"wp-page\" data-elementor-id=\"5\" class=\"elementor elementor-5\" data-elementor-post-type=\"page\">\n\t\t\t\t<div class=\"elementor-element elementor-element-e382133 e-flex e-con-boxed e-con e-parent\" data-id=\"e382133\" data-element_type=\"container\" data-e-type=\"container\">\n\t\t\t\t\t<div class=\"e-con-inner\">\n\t\t\t\t<div class=\"elementor-element elementor-element-8663565 elementor-widget elementor-widget-heading\" data-id=\"8663565\" data-element_type=\"widget\" data-e-type=\"widget\" data-widget_type=\"heading.default\">\n\t\t\t\t\t<h1 class=\"elementor-heading-title elementor-size-default\">ABOUT US<\/h1>\t\t\t\t<\/div>\n\t\t<div class=\"elementor-element elementor-element-0249368 e-con-full e-flex e-con e-child\" data-id=\"0249368\" data-element_type=\"container\" data-e-type=\"container\">\n\t\t<div class=\"elementor-element elementor-element-db42acb e-con-full e-flex e-con e-child\" data-id=\"db42acb\" data-element_type=\"container\" data-e-type=\"container\">\n\t\t\t\t<div class=\"elementor-element elementor-element-d7445a2 elementor-widget elementor-widget-image\" data-id=\"d7445a2\" data-element_type=\"widget\" data-e-type=\"widget\" data-widget_type=\"image.default\">\n\t\t\t\t\t\t\t\t\t\t\t\t\t\t\t<img fetchpriority=\"high\" decoding=\"async\" width=\"724\" height=\"1024\" src=\"https:\/\/www.buzzartfestival.com\/wp-content\/uploads\/2026\/03\/affiche-finale-724x1024.jpeg\" class=\"attachment-large size-large wp-image-1162\" alt=\"\" srcset=\"https:\/\/www.buzzartfestival.com\/wp-content\/uploads\/2026\/03\/affiche-finale-724x1024.jpeg 724w, https:\/\/www.buzzartfestival.com\/wp-content\/uploads\/2026\/03\/affiche-finale-212x300.jpeg 212w, https:\/\/www.buzzartfestival.com\/wp-content\/uploads\/2026\/03\/affiche-finale-768x1086.jpeg 768w, https:\/\/www.buzzartfestival.com\/wp-content\/uploads\/2026\/03\/affiche-finale.jpeg 905w\" sizes=\"(max-width: 724px) 100vw, 724px\" \/>\t\t\t\t\t\t\t\t\t\t\t\t\t\t\t<\/div>\n\t\t\t\t<\/div>\n\t\t<div class=\"elementor-element elementor-element-41533d3 e-con-full e-flex e-con e-child\" data-id=\"41533d3\" data-element_type=\"container\" data-e-type=\"container\">\n\t\t\t\t<div class=\"elementor-element elementor-element-ef26f40 elementor-widget elementor-widget-heading\" data-id=\"ef26f40\" data-element_type=\"widget\" data-e-type=\"widget\" data-widget_type=\"heading.default\">\n\t\t\t\t\t<h2 class=\"elementor-heading-title elementor-size-default\">A driver of social cohesion<\/h2>\t\t\t\t<\/div>\n\t\t\t\t<div class=\"elementor-element elementor-element-e9572c4 elementor-widget elementor-widget-text-editor\" data-id=\"e9572c4\" data-element_type=\"widget\" data-e-type=\"widget\" data-widget_type=\"text-editor.default\">\n\t\t\t\t\t\t\t\t\t<p>\u00a0<\/p><h6>Buzz Art Festival confirms its ambition: making art a driver of social connection, far beyond aesthetics.<\/h6><p data-path-to-node=\"4\">We take over public spaces to break down the walls\u2014both physical and symbolic\u2014of traditional galleries. The goal is clear: to dismantle prejudices and offer a raw encounter with creation. Here, there are no elitist codes or barriers; art enters everyday life to provoke, question, or bring people together.<\/p><h6>L\u2019Isle-sur-la-Sorgue as a playground<\/h6><p data-path-to-node=\"5\">During the festival, the city transforms into a true open-air gallery. From street art and digital installations to live performances, the works engage in a dialogue with the architecture, canals, and squares. L\u2019Isle-sur-la-Sorgue is more than just a postcard backdrop; it becomes a key player in the scenography. Whether you follow the dedicated trails or wander through the narrow streets, creativity emerges where you least expect it.<\/p><h6>A Shared Experience<\/h6><p data-path-to-node=\"6\">Beyond the exhibition, the Buzz Art Festival is a space for interaction. It offers a unique opportunity to meet the artists, understand their process, and see behind the scenes of creation. Accessible to all, regardless of age or background, the festival rejects passive art. Here, the artwork is not an end in itself; it is a meeting point.<\/p>\t\t\t\t\t\t\t\t<\/div>\n\t\t\t\t<\/div>\n\t\t\t\t<div class=\"elementor-element elementor-element-ade5f58 elementor-widget-divider--view-line elementor-widget elementor-widget-divider\" data-id=\"ade5f58\" data-element_type=\"widget\" data-e-type=\"widget\" data-widget_type=\"divider.default\">\n\t\t\t\t\t\t\t<div class=\"elementor-divider\">\n\t\t\t<span class=\"elementor-divider-separator\">\n\t\t\t\t\t\t<\/span>\n\t\t<\/div>\n\t\t\t\t\t\t<\/div>\n\t\t<div class=\"elementor-element elementor-element-9f36ca5 e-con-full e-flex e-con e-child\" data-id=\"9f36ca5\" data-element_type=\"container\" data-e-type=\"container\">\n\t\t\t\t<div class=\"elementor-element elementor-element-869fcd6 elementor-widget elementor-widget-heading\" data-id=\"869fcd6\" data-element_type=\"widget\" data-e-type=\"widget\" data-widget_type=\"heading.default\">\n\t\t\t\t\t<h1 class=\"elementor-heading-title elementor-size-default\">TEAM<\/h1>\t\t\t\t<\/div>\n\t\t<div class=\"elementor-element elementor-element-791c186 e-con-full e-flex e-con e-child\" data-id=\"791c186\" data-element_type=\"container\" data-e-type=\"container\">\n\t\t<div class=\"elementor-element elementor-element-45c9706 e-con-full e-flex e-con e-child\" data-id=\"45c9706\" data-element_type=\"container\" data-e-type=\"container\" data-settings=\"{&quot;background_background&quot;:&quot;classic&quot;}\">\n\t\t\t\t<div class=\"elementor-element elementor-element-c3ff6cf elementor-widget elementor-widget-image\" data-id=\"c3ff6cf\" data-element_type=\"widget\" data-e-type=\"widget\" data-widget_type=\"image.default\">\n\t\t\t\t\t\t\t\t\t\t\t\t\t\t\t<img decoding=\"async\" width=\"711\" height=\"350\" src=\"https:\/\/www.buzzartfestival.com\/wp-content\/uploads\/2026\/02\/Expo-Teddy-Follenfant-2.webp\" class=\"attachment-large size-large wp-image-478\" alt=\"\" srcset=\"https:\/\/www.buzzartfestival.com\/wp-content\/uploads\/2026\/02\/Expo-Teddy-Follenfant-2.webp 711w, https:\/\/www.buzzartfestival.com\/wp-content\/uploads\/2026\/02\/Expo-Teddy-Follenfant-2-300x148.webp 300w\" sizes=\"(max-width: 711px) 100vw, 711px\" \/>\t\t\t\t\t\t\t\t\t\t\t\t\t\t\t<\/div>\n\t\t\t\t<div class=\"elementor-element elementor-element-b3990ba elementor-widget elementor-widget-heading\" data-id=\"b3990ba\" data-element_type=\"widget\" data-e-type=\"widget\" data-widget_type=\"heading.default\">\n\t\t\t\t\t<h4 class=\"elementor-heading-title elementor-size-default\">Teddy Follenfant<\/h4>\t\t\t\t<\/div>\n\t\t\t\t<div class=\"elementor-element elementor-element-be2236d elementor-widget elementor-widget-heading\" data-id=\"be2236d\" data-element_type=\"widget\" data-e-type=\"widget\" data-widget_type=\"heading.default\">\n\t\t\t\t\t<h6 class=\"elementor-heading-title elementor-size-default\">Co-Director<\/h6>\t\t\t\t<\/div>\n\t\t\t\t<\/div>\n\t\t<div class=\"elementor-element elementor-element-31bf09a e-con-full e-flex e-con e-child\" data-id=\"31bf09a\" data-element_type=\"container\" data-e-type=\"container\" data-settings=\"{&quot;background_background&quot;:&quot;classic&quot;}\">\n\t\t\t\t<div class=\"elementor-element elementor-element-f7bce1d elementor-widget elementor-widget-image\" data-id=\"f7bce1d\" data-element_type=\"widget\" data-e-type=\"widget\" data-widget_type=\"image.default\">\n\t\t\t\t\t\t\t\t\t\t\t\t\t\t\t<img decoding=\"async\" width=\"500\" height=\"500\" src=\"https:\/\/www.buzzartfestival.com\/wp-content\/uploads\/2026\/03\/Photo-de-lEquipe-Jacques.webp\" class=\"attachment-large size-large wp-image-677\" alt=\"\" srcset=\"https:\/\/www.buzzartfestival.com\/wp-content\/uploads\/2026\/03\/Photo-de-lEquipe-Jacques.webp 500w, https:\/\/www.buzzartfestival.com\/wp-content\/uploads\/2026\/03\/Photo-de-lEquipe-Jacques-300x300.webp 300w, https:\/\/www.buzzartfestival.com\/wp-content\/uploads\/2026\/03\/Photo-de-lEquipe-Jacques-150x150.webp 150w\" sizes=\"(max-width: 500px) 100vw, 500px\" \/>\t\t\t\t\t\t\t\t\t\t\t\t\t\t\t<\/div>\n\t\t\t\t<div class=\"elementor-element elementor-element-803820d elementor-widget elementor-widget-heading\" data-id=\"803820d\" data-element_type=\"widget\" data-e-type=\"widget\" data-widget_type=\"heading.default\">\n\t\t\t\t\t<h4 class=\"elementor-heading-title elementor-size-default\">Jacques Chalvin<\/h4>\t\t\t\t<\/div>\n\t\t\t\t<div class=\"elementor-element elementor-element-8ffce26 elementor-widget elementor-widget-heading\" data-id=\"8ffce26\" data-element_type=\"widget\" data-e-type=\"widget\" data-widget_type=\"heading.default\">\n\t\t\t\t\t<h6 class=\"elementor-heading-title elementor-size-default\">Co-Director<\/h6>\t\t\t\t<\/div>\n\t\t\t\t<\/div>\n\t\t<div class=\"elementor-element elementor-element-be4dd8c e-con-full e-flex e-con e-child\" data-id=\"be4dd8c\" data-element_type=\"container\" data-e-type=\"container\" data-settings=\"{&quot;background_background&quot;:&quot;classic&quot;}\">\n\t\t\t\t<div class=\"elementor-element elementor-element-03247b4 elementor-widget elementor-widget-image\" data-id=\"03247b4\" data-element_type=\"widget\" data-e-type=\"widget\" data-widget_type=\"image.default\">\n\t\t\t\t\t\t\t\t\t\t\t\t\t\t\t<img loading=\"lazy\" decoding=\"async\" width=\"800\" height=\"800\" src=\"https:\/\/www.buzzartfestival.com\/wp-content\/uploads\/2026\/03\/Anne-Ingargiola.jpg\" class=\"attachment-large size-large wp-image-678\" alt=\"\" srcset=\"https:\/\/www.buzzartfestival.com\/wp-content\/uploads\/2026\/03\/Anne-Ingargiola.jpg 1024w, https:\/\/www.buzzartfestival.com\/wp-content\/uploads\/2026\/03\/Anne-Ingargiola-300x300.jpg 300w, https:\/\/www.buzzartfestival.com\/wp-content\/uploads\/2026\/03\/Anne-Ingargiola-150x150.jpg 150w, https:\/\/www.buzzartfestival.com\/wp-content\/uploads\/2026\/03\/Anne-Ingargiola-768x768.jpg 768w\" sizes=\"(max-width: 800px) 100vw, 800px\" \/>\t\t\t\t\t\t\t\t\t\t\t\t\t\t\t<\/div>\n\t\t\t\t<div class=\"elementor-element elementor-element-e9e9d71 elementor-widget elementor-widget-heading\" data-id=\"e9e9d71\" data-element_type=\"widget\" data-e-type=\"widget\" data-widget_type=\"heading.default\">\n\t\t\t\t\t<h4 class=\"elementor-heading-title elementor-size-default\">Anne Ingargiola<\/h4>\t\t\t\t<\/div>\n\t\t\t\t<div class=\"elementor-element elementor-element-d4465de elementor-widget elementor-widget-heading\" data-id=\"d4465de\" data-element_type=\"widget\" data-e-type=\"widget\" data-widget_type=\"heading.default\">\n\t\t\t\t\t<h6 class=\"elementor-heading-title elementor-size-default\">Events Manager<\/h6>\t\t\t\t<\/div>\n\t\t\t\t<\/div>\n\t\t<div class=\"elementor-element elementor-element-e8a9cfa e-con-full e-flex e-con e-child\" data-id=\"e8a9cfa\" data-element_type=\"container\" data-e-type=\"container\" data-settings=\"{&quot;background_background&quot;:&quot;classic&quot;}\">\n\t\t\t\t<div class=\"elementor-element elementor-element-aec57c6 elementor-widget elementor-widget-image\" data-id=\"aec57c6\" data-element_type=\"widget\" data-e-type=\"widget\" data-widget_type=\"image.default\">\n\t\t\t\t\t\t\t\t\t\t\t\t\t\t\t<img loading=\"lazy\" decoding=\"async\" width=\"1274\" height=\"1600\" src=\"https:\/\/www.buzzartfestival.com\/wp-content\/uploads\/2026\/03\/Elizabeth-Hruzdina.jpeg\" class=\"attachment-full size-full wp-image-1232\" alt=\"\" srcset=\"https:\/\/www.buzzartfestival.com\/wp-content\/uploads\/2026\/03\/Elizabeth-Hruzdina.jpeg 1274w, https:\/\/www.buzzartfestival.com\/wp-content\/uploads\/2026\/03\/Elizabeth-Hruzdina-239x300.jpeg 239w, https:\/\/www.buzzartfestival.com\/wp-content\/uploads\/2026\/03\/Elizabeth-Hruzdina-815x1024.jpeg 815w, https:\/\/www.buzzartfestival.com\/wp-content\/uploads\/2026\/03\/Elizabeth-Hruzdina-768x965.jpeg 768w, https:\/\/www.buzzartfestival.com\/wp-content\/uploads\/2026\/03\/Elizabeth-Hruzdina-1223x1536.jpeg 1223w\" sizes=\"(max-width: 1274px) 100vw, 1274px\" \/>\t\t\t\t\t\t\t\t\t\t\t\t\t\t\t<\/div>\n\t\t\t\t<div class=\"elementor-element elementor-element-9729887 elementor-widget elementor-widget-heading\" data-id=\"9729887\" data-element_type=\"widget\" data-e-type=\"widget\" data-widget_type=\"heading.default\">\n\t\t\t\t\t<h4 class=\"elementor-heading-title elementor-size-default\">Elizabeth Hruzdina<\/h4>\t\t\t\t<\/div>\n\t\t\t\t<div class=\"elementor-element elementor-element-43e0885 elementor-widget elementor-widget-heading\" data-id=\"43e0885\" data-element_type=\"widget\" data-e-type=\"widget\" data-widget_type=\"heading.default\">\n\t\t\t\t\t<h6 class=\"elementor-heading-title elementor-size-default\">Communications and Digital Marketing Officer<\/h6>\t\t\t\t<\/div>\n\t\t\t\t<\/div>\n\t\t<div class=\"elementor-element elementor-element-b727855 e-con-full e-flex e-con e-child\" data-id=\"b727855\" data-element_type=\"container\" data-e-type=\"container\" data-settings=\"{&quot;background_background&quot;:&quot;classic&quot;}\">\n\t\t\t\t<div class=\"elementor-element elementor-element-ec65b9d elementor-widget elementor-widget-image\" data-id=\"ec65b9d\" data-element_type=\"widget\" data-e-type=\"widget\" data-widget_type=\"image.default\">\n\t\t\t\t\t\t\t\t\t\t\t\t\t\t\t<img loading=\"lazy\" decoding=\"async\" width=\"200\" height=\"200\" src=\"https:\/\/www.buzzartfestival.com\/wp-content\/uploads\/2026\/03\/Franck-Treguer.jpeg\" class=\"attachment-large size-large wp-image-1233\" alt=\"\" srcset=\"https:\/\/www.buzzartfestival.com\/wp-content\/uploads\/2026\/03\/Franck-Treguer.jpeg 200w, https:\/\/www.buzzartfestival.com\/wp-content\/uploads\/2026\/03\/Franck-Treguer-150x150.jpeg 150w\" sizes=\"(max-width: 200px) 100vw, 200px\" \/>\t\t\t\t\t\t\t\t\t\t\t\t\t\t\t<\/div>\n\t\t\t\t<div class=\"elementor-element elementor-element-c32d5ac elementor-widget elementor-widget-heading\" data-id=\"c32d5ac\" data-element_type=\"widget\" data-e-type=\"widget\" data-widget_type=\"heading.default\">\n\t\t\t\t\t<h4 class=\"elementor-heading-title elementor-size-default\">Franck Tr\u00e9guer<\/h4>\t\t\t\t<\/div>\n\t\t\t\t<div class=\"elementor-element elementor-element-657b147 elementor-widget elementor-widget-heading\" data-id=\"657b147\" data-element_type=\"widget\" data-e-type=\"widget\" data-widget_type=\"heading.default\">\n\t\t\t\t\t<h6 class=\"elementor-heading-title elementor-size-default\">Fundraising and Partnerships Officer<\/h6>\t\t\t\t<\/div>\n\t\t\t\t<\/div>\n\t\t<div class=\"elementor-element elementor-element-8981991 e-con-full e-flex e-con e-child\" data-id=\"8981991\" data-element_type=\"container\" data-e-type=\"container\" data-settings=\"{&quot;background_background&quot;:&quot;classic&quot;}\">\n\t\t\t\t<div class=\"elementor-element elementor-element-15a522c elementor-widget elementor-widget-image\" data-id=\"15a522c\" data-element_type=\"widget\" data-e-type=\"widget\" data-widget_type=\"image.default\">\n\t\t\t\t\t\t\t\t\t\t\t\t\t\t\t<img loading=\"lazy\" decoding=\"async\" width=\"326\" height=\"649\" src=\"https:\/\/www.buzzartfestival.com\/wp-content\/uploads\/2026\/03\/Sylvain-Petit.jpeg\" class=\"attachment-full size-full wp-image-1234\" alt=\"\" srcset=\"https:\/\/www.buzzartfestival.com\/wp-content\/uploads\/2026\/03\/Sylvain-Petit.jpeg 326w, https:\/\/www.buzzartfestival.com\/wp-content\/uploads\/2026\/03\/Sylvain-Petit-151x300.jpeg 151w\" sizes=\"(max-width: 326px) 100vw, 326px\" \/>\t\t\t\t\t\t\t\t\t\t\t\t\t\t\t<\/div>\n\t\t\t\t<div class=\"elementor-element elementor-element-133833c elementor-widget elementor-widget-heading\" data-id=\"133833c\" data-element_type=\"widget\" data-e-type=\"widget\" data-widget_type=\"heading.default\">\n\t\t\t\t\t<h4 class=\"elementor-heading-title elementor-size-default\">Sylvain Petit<\/h4>\t\t\t\t<\/div>\n\t\t\t\t<div class=\"elementor-element elementor-element-91842c9 elementor-widget elementor-widget-heading\" data-id=\"91842c9\" data-element_type=\"widget\" data-e-type=\"widget\" data-widget_type=\"heading.default\">\n\t\t\t\t\t<h6 class=\"elementor-heading-title elementor-size-default\">Logistics Officer<\/h6>\t\t\t\t<\/div>\n\t\t\t\t<\/div>\n\t\t<div class=\"elementor-element elementor-element-4dfd50a e-con-full e-flex e-con e-child\" data-id=\"4dfd50a\" data-element_type=\"container\" data-e-type=\"container\" data-settings=\"{&quot;background_background&quot;:&quot;classic&quot;}\">\n\t\t\t\t<div class=\"elementor-element elementor-element-96e73a9 elementor-widget elementor-widget-image\" data-id=\"96e73a9\" data-element_type=\"widget\" data-e-type=\"widget\" data-widget_type=\"image.default\">\n\t\t\t\t\t\t\t\t\t\t\t\t\t\t\t<img loading=\"lazy\" decoding=\"async\" width=\"786\" height=\"1181\" src=\"https:\/\/www.buzzartfestival.com\/wp-content\/uploads\/2026\/03\/Jean-Philippe.jpeg\" class=\"attachment-full size-full wp-image-1405\" alt=\"\" srcset=\"https:\/\/www.buzzartfestival.com\/wp-content\/uploads\/2026\/03\/Jean-Philippe.jpeg 786w, https:\/\/www.buzzartfestival.com\/wp-content\/uploads\/2026\/03\/Jean-Philippe-200x300.jpeg 200w, https:\/\/www.buzzartfestival.com\/wp-content\/uploads\/2026\/03\/Jean-Philippe-682x1024.jpeg 682w, https:\/\/www.buzzartfestival.com\/wp-content\/uploads\/2026\/03\/Jean-Philippe-768x1154.jpeg 768w\" sizes=\"(max-width: 786px) 100vw, 786px\" \/>\t\t\t\t\t\t\t\t\t\t\t\t\t\t\t<\/div>\n\t\t\t\t<div class=\"elementor-element elementor-element-d7dc2b7 elementor-widget elementor-widget-heading\" data-id=\"d7dc2b7\" data-element_type=\"widget\" data-e-type=\"widget\" data-widget_type=\"heading.default\">\n\t\t\t\t\t<h4 class=\"elementor-heading-title elementor-size-default\">Jean-Philippe Martinez<\/h4>\t\t\t\t<\/div>\n\t\t\t\t<div class=\"elementor-element elementor-element-0a38641 elementor-widget elementor-widget-heading\" data-id=\"0a38641\" data-element_type=\"widget\" data-e-type=\"widget\" data-widget_type=\"heading.default\">\n\t\t\t\t\t<h6 class=\"elementor-heading-title elementor-size-default\">Graphic Designer<\/h6>\t\t\t\t<\/div>\n\t\t\t\t<\/div>\n\t\t\t\t<\/div>\n\t\t\t\t<\/div>\n\t\t<div class=\"elementor-element elementor-element-216c221 e-con-full e-flex e-con e-child\" data-id=\"216c221\" data-element_type=\"container\" data-e-type=\"container\">\n\t\t\t\t<div class=\"elementor-element elementor-element-b937bb6 elementor-widget-divider--view-line elementor-widget elementor-widget-divider\" data-id=\"b937bb6\" data-element_type=\"widget\" data-e-type=\"widget\" data-widget_type=\"divider.default\">\n\t\t\t\t\t\t\t<div class=\"elementor-divider\">\n\t\t\t<span class=\"elementor-divider-separator\">\n\t\t\t\t\t\t<\/span>\n\t\t<\/div>\n\t\t\t\t\t\t<\/div>\n\t\t<div class=\"elementor-element elementor-element-ca9429b e-con-full e-flex e-con e-child\" data-id=\"ca9429b\" data-element_type=\"container\" data-e-type=\"container\">\n\t\t\t\t<div class=\"elementor-element elementor-element-1e51024 elementor-widget elementor-widget-heading\" data-id=\"1e51024\" data-element_type=\"widget\" data-e-type=\"widget\" data-widget_type=\"heading.default\">\n\t\t\t\t\t<h2 class=\"elementor-heading-title elementor-size-default\">A.G.A.V.A.I.S<\/h2>\t\t\t\t<\/div>\n\t\t\t\t<\/div>\n\t\t<div class=\"elementor-element elementor-element-1641cfd e-con-full e-flex e-con e-child\" data-id=\"1641cfd\" data-element_type=\"container\" data-e-type=\"container\">\n\t\t\t\t<div class=\"elementor-element elementor-element-00e659f elementor-widget elementor-widget-image\" data-id=\"00e659f\" data-element_type=\"widget\" data-e-type=\"widget\" data-widget_type=\"image.default\">\n\t\t\t\t\t\t\t\t\t\t\t\t\t\t\t<img loading=\"lazy\" decoding=\"async\" width=\"1024\" height=\"331\" src=\"https:\/\/www.buzzartfestival.com\/wp-content\/uploads\/2026\/01\/AGAVAIS-Logo.webp\" class=\"attachment-full size-full wp-image-126\" alt=\"\" srcset=\"https:\/\/www.buzzartfestival.com\/wp-content\/uploads\/2026\/01\/AGAVAIS-Logo.webp 1024w, https:\/\/www.buzzartfestival.com\/wp-content\/uploads\/2026\/01\/AGAVAIS-Logo-300x97.png 300w, https:\/\/www.buzzartfestival.com\/wp-content\/uploads\/2026\/01\/AGAVAIS-Logo-768x248.png 768w\" sizes=\"(max-width: 1024px) 100vw, 1024px\" \/>\t\t\t\t\t\t\t\t\t\t\t\t\t\t\t<\/div>\n\t\t\t\t<\/div>\n\t\t<div class=\"elementor-element elementor-element-fbaaa39 e-con-full e-flex e-con e-child\" data-id=\"fbaaa39\" data-element_type=\"container\" data-e-type=\"container\">\n\t\t\t\t<div class=\"elementor-element elementor-element-fcead1c elementor-widget__width-initial elementor-widget elementor-widget-text-editor\" data-id=\"fcead1c\" data-element_type=\"widget\" data-e-type=\"widget\" data-widget_type=\"text-editor.default\">\n\t\t\t\t\t\t\t\t\t<p>Founded in 2020 and formerly known as the \"UPCYCLING FESTIVAL,\" the A.G.A.V.A.I.S Association (Association of Art Galleries and Antique Dealers of L\u2019Isle-sur-Sorgue) aims to highlight the cultural heritage of L\u2019Isle-sur-Sorgue. Renamed in 2024, its primary focus is now the organization of the BUZZ ART FESTIVAL 2025, to foster its growth and expand its reach.<\/p><p>The association is a collective of 400 professionals, bringing together:<br \/>200 antique dealers and 200 artists present or represented within the 5 Antique Dealer Hubs and 8 partner Art Galleries of L\u2019Isle-sur-Sorgue.<\/p>\t\t\t\t\t\t\t\t<\/div>\n\t\t\t\t<\/div>\n\t\t\t\t<\/div>\n\t\t\t\t<\/div>\n\t\t\t\t\t<\/div>\n\t\t\t\t<\/div>\n\t\t\t\t<\/div>","protected":false},"excerpt":{"rendered":"<p>QUI SOMMES NOUS ? Un vecteur de coh\u00e9sion sociale \u00a0 Le Buzz Art Festival confirme son ambition : faire de l&rsquo;art un moteur de lien social, bien au-del\u00e0 de l&rsquo;esth\u00e9tique Nous investissons l&rsquo;espace public pour briser les murs \u2013 r\u00e9els et symboliques \u2013 des galeries traditionnelles. L&rsquo;objectif est clair : d\u00e9construire les pr\u00e9jug\u00e9s et offrir [&hellip;]<\/p>\n","protected":false},"author":1,"featured_media":0,"parent":0,"menu_order":0,"comment_status":"closed","ping_status":"closed","template":"","meta":{"_acf_changed":false,"inline_featured_image":false,"footnotes":""},"class_list":["post-5","page","type-page","status-publish","hentry"],"acf":[],"_links":{"self":[{"href":"https:\/\/www.buzzartfestival.com\/en\/wp-json\/wp\/v2\/pages\/5","targetHints":{"allow":["GET"]}}],"collection":[{"href":"https:\/\/www.buzzartfestival.com\/en\/wp-json\/wp\/v2\/pages"}],"about":[{"href":"https:\/\/www.buzzartfestival.com\/en\/wp-json\/wp\/v2\/types\/page"}],"author":[{"embeddable":true,"href":"https:\/\/www.buzzartfestival.com\/en\/wp-json\/wp\/v2\/users\/1"}],"replies":[{"embeddable":true,"href":"https:\/\/www.buzzartfestival.com\/en\/wp-json\/wp\/v2\/comments?post=5"}],"version-history":[{"count":128,"href":"https:\/\/www.buzzartfestival.com\/en\/wp-json\/wp\/v2\/pages\/5\/revisions"}],"predecessor-version":[{"id":1924,"href":"https:\/\/www.buzzartfestival.com\/en\/wp-json\/wp\/v2\/pages\/5\/revisions\/1924"}],"wp:attachment":[{"href":"https:\/\/www.buzzartfestival.com\/en\/wp-json\/wp\/v2\/media?parent=5"}],"curies":[{"name":"wp","href":"https:\/\/api.w.org\/{rel}","templated":true}]}}