{"id":2050,"date":"2026-04-16T15:32:51","date_gmt":"2026-04-16T13:32:51","guid":{"rendered":"https:\/\/www.buzzartfestival.com\/?page_id=2050"},"modified":"2026-04-20T03:58:22","modified_gmt":"2026-04-20T01:58:22","slug":"presse","status":"publish","type":"page","link":"https:\/\/www.buzzartfestival.com\/en\/presse\/","title":{"rendered":"Press"},"content":{"rendered":"<div data-elementor-type=\"wp-page\" data-elementor-id=\"2050\" class=\"elementor elementor-2050\" data-elementor-post-type=\"page\">\n\t\t\t\t<div class=\"elementor-element elementor-element-ec5dda5 e-flex e-con-boxed e-con e-parent\" data-id=\"ec5dda5\" data-element_type=\"container\" data-e-type=\"container\">\n\t\t\t\t\t<div class=\"e-con-inner\">\n\t\t<div class=\"elementor-element elementor-element-acd13f1 e-con-full e-flex e-con e-child\" data-id=\"acd13f1\" data-element_type=\"container\" data-e-type=\"container\">\n\t\t\t\t<div class=\"elementor-element elementor-element-eac7850 elementor-widget elementor-widget-heading\" data-id=\"eac7850\" data-element_type=\"widget\" data-e-type=\"widget\" data-widget_type=\"heading.default\">\n\t\t\t\t\t<h1 class=\"elementor-heading-title elementor-size-default\">PRESS<\/h1>\t\t\t\t<\/div>\n\t\t\t\t<\/div>\n\t\t<div class=\"elementor-element elementor-element-b213e77 e-con-full e-flex e-con e-child\" data-id=\"b213e77\" data-element_type=\"container\" data-e-type=\"container\">\n\t\t<div class=\"elementor-element elementor-element-6efcdb4 e-con-full e-flex e-con e-child\" data-id=\"6efcdb4\" data-element_type=\"container\" data-e-type=\"container\" data-settings=\"{&quot;background_background&quot;:&quot;classic&quot;}\">\n\t\t\t\t<div class=\"elementor-element elementor-element-fe6a464 elementor-widget elementor-widget-heading\" data-id=\"fe6a464\" data-element_type=\"widget\" data-e-type=\"widget\" data-widget_type=\"heading.default\">\n\t\t\t\t\t<h4 class=\"elementor-heading-title elementor-size-default\">Press Release<\/h4>\t\t\t\t<\/div>\n\t\t<div class=\"elementor-element elementor-element-e76edad e-con-full e-flex e-con e-child\" data-id=\"e76edad\" data-element_type=\"container\" data-e-type=\"container\">\n\t\t\t\t<div class=\"elementor-element elementor-element-c7db2de elementor-widget elementor-widget-text-editor\" data-id=\"c7db2de\" data-element_type=\"widget\" data-e-type=\"widget\" data-widget_type=\"text-editor.default\">\n\t\t\t\t\t\t\t\t\t<p>The Official 2026 Edition Launch. <br \/>A concise summary of key dates, the lineup, and festival highlights.<\/p>\t\t\t\t\t\t\t\t<\/div>\n\t\t\t\t<\/div>\n\t\t\t\t<div class=\"elementor-element elementor-element-01d4816 elementor-align-center elementor-widget elementor-widget-button\" data-id=\"01d4816\" data-element_type=\"widget\" data-e-type=\"widget\" data-widget_type=\"button.default\">\n\t\t\t\t\t\t\t\t\t\t<a class=\"elementor-button elementor-button-link elementor-size-sm elementor-animation-shrink\" href=\"https:\/\/www.buzzartfestival.com\/wp-content\/uploads\/2026\/04\/Communique-de-Presse-Buzz-Art-26.pdf\" target=\"_blank\">\n\t\t\t\t\t\t<span class=\"elementor-button-content-wrapper\">\n\t\t\t\t\t\t\t\t\t<span class=\"elementor-button-text\">View PDF<\/span>\n\t\t\t\t\t<\/span>\n\t\t\t\t\t<\/a>\n\t\t\t\t\t\t\t\t<\/div>\n\t\t\t\t<\/div>\n\t\t<div class=\"elementor-element elementor-element-be6a642 e-con-full e-flex e-con e-child\" data-id=\"be6a642\" data-element_type=\"container\" data-e-type=\"container\" data-settings=\"{&quot;background_background&quot;:&quot;classic&quot;}\">\n\t\t\t\t<div class=\"elementor-element elementor-element-adb5008 elementor-widget elementor-widget-heading\" data-id=\"adb5008\" data-element_type=\"widget\" data-e-type=\"widget\" data-widget_type=\"heading.default\">\n\t\t\t\t\t<h4 class=\"elementor-heading-title elementor-size-default\">Press Kit<\/h4>\t\t\t\t<\/div>\n\t\t<div class=\"elementor-element elementor-element-f4b302e e-con-full e-flex e-con e-child\" data-id=\"f4b302e\" data-element_type=\"container\" data-e-type=\"container\">\n\t\t\t\t<div class=\"elementor-element elementor-element-82f9580 elementor-widget elementor-widget-text-editor\" data-id=\"82f9580\" data-element_type=\"widget\" data-e-type=\"widget\" data-widget_type=\"text-editor.default\">\n\t\t\t\t\t\t\t\t\t<p>The comprehensive reference document: project origins, full exhibitor showcase, key figures, and practical information.<\/p>\t\t\t\t\t\t\t\t<\/div>\n\t\t\t\t<\/div>\n\t\t\t\t<div class=\"elementor-element elementor-element-8fdc411 elementor-align-center elementor-widget elementor-widget-button\" data-id=\"8fdc411\" data-element_type=\"widget\" data-e-type=\"widget\" data-widget_type=\"button.default\">\n\t\t\t\t\t\t\t\t\t\t<a class=\"elementor-button elementor-button-link elementor-size-sm elementor-animation-shrink\" href=\"https:\/\/www.buzzartfestival.com\/wp-content\/uploads\/2026\/04\/Dossier-de-Presse-Buzz-Art-26.pdf\" target=\"_blank\">\n\t\t\t\t\t\t<span class=\"elementor-button-content-wrapper\">\n\t\t\t\t\t\t\t\t\t<span class=\"elementor-button-text\">View PDF<\/span>\n\t\t\t\t\t<\/span>\n\t\t\t\t\t<\/a>\n\t\t\t\t\t\t\t\t<\/div>\n\t\t\t\t<\/div>\n\t\t\t\t<\/div>\n\t\t\t\t\t<\/div>\n\t\t\t\t<\/div>\n\t\t\t\t<\/div>","protected":false},"excerpt":{"rendered":"<p>PRESSE Communiqu\u00e9 de presse L&rsquo;annonce officielle de l&rsquo;\u00e9dition 2026. Un r\u00e9sum\u00e9 synth\u00e9tique des dates cl\u00e9s, de la programmation et des nouveaut\u00e9s du festival. Consulter le PDF Dossier de presse Le document de r\u00e9f\u00e9rence complet : gen\u00e8se du projet, pr\u00e9sentation exhaustive des exposants, chiffres cl\u00e9s et informations pratiques. Consulter le PDF<\/p>","protected":false},"author":1,"featured_media":0,"parent":0,"menu_order":0,"comment_status":"closed","ping_status":"closed","template":"","meta":{"_acf_changed":false,"inline_featured_image":false,"footnotes":""},"class_list":["post-2050","page","type-page","status-publish","hentry"],"acf":[],"_links":{"self":[{"href":"https:\/\/www.buzzartfestival.com\/en\/wp-json\/wp\/v2\/pages\/2050","targetHints":{"allow":["GET"]}}],"collection":[{"href":"https:\/\/www.buzzartfestival.com\/en\/wp-json\/wp\/v2\/pages"}],"about":[{"href":"https:\/\/www.buzzartfestival.com\/en\/wp-json\/wp\/v2\/types\/page"}],"author":[{"embeddable":true,"href":"https:\/\/www.buzzartfestival.com\/en\/wp-json\/wp\/v2\/users\/1"}],"replies":[{"embeddable":true,"href":"https:\/\/www.buzzartfestival.com\/en\/wp-json\/wp\/v2\/comments?post=2050"}],"version-history":[{"count":7,"href":"https:\/\/www.buzzartfestival.com\/en\/wp-json\/wp\/v2\/pages\/2050\/revisions"}],"predecessor-version":[{"id":2065,"href":"https:\/\/www.buzzartfestival.com\/en\/wp-json\/wp\/v2\/pages\/2050\/revisions\/2065"}],"wp:attachment":[{"href":"https:\/\/www.buzzartfestival.com\/en\/wp-json\/wp\/v2\/media?parent=2050"}],"curies":[{"name":"wp","href":"https:\/\/api.w.org\/{rel}","templated":true}]}}