{"id":1570,"date":"2026-03-17T17:04:51","date_gmt":"2026-03-17T16:04:51","guid":{"rendered":"https:\/\/www.buzzartfestival.com\/?page_id=1570"},"modified":"2026-03-24T17:26:07","modified_gmt":"2026-03-24T16:26:07","slug":"lieux-dexposition","status":"publish","type":"page","link":"https:\/\/www.buzzartfestival.com\/en\/lieux-dexposition\/","title":{"rendered":"Lieux d&rsquo;Exposition"},"content":{"rendered":"<div data-elementor-type=\"wp-page\" data-elementor-id=\"1570\" class=\"elementor elementor-1570\" data-elementor-post-type=\"page\">\n\t\t\t\t<div class=\"elementor-element elementor-element-d2d55dd e-flex e-con-boxed e-con e-parent\" data-id=\"d2d55dd\" data-element_type=\"container\" data-e-type=\"container\">\n\t\t\t\t\t<div class=\"e-con-inner\">\n\t\t\t\t<div class=\"elementor-element elementor-element-f3a1543 elementor-widget elementor-widget-heading\" data-id=\"f3a1543\" data-element_type=\"widget\" data-e-type=\"widget\" data-widget_type=\"heading.default\">\n\t\t\t\t\t<h1 class=\"elementor-heading-title elementor-size-default\">OUTSTANDING EXHIBITION SPACES<\/h1>\t\t\t\t<\/div>\n\t\t\t\t<div class=\"elementor-element elementor-element-025f3b5 elementor-widget-divider--view-line elementor-widget elementor-widget-divider\" data-id=\"025f3b5\" data-element_type=\"widget\" data-e-type=\"widget\" data-widget_type=\"divider.default\">\n\t\t\t\t\t\t\t<div class=\"elementor-divider\">\n\t\t\t<span class=\"elementor-divider-separator\">\n\t\t\t\t\t\t<\/span>\n\t\t<\/div>\n\t\t\t\t\t\t<\/div>\n\t\t\t\t\t<\/div>\n\t\t\t\t<\/div>\n\t\t<div class=\"elementor-element elementor-element-e8d9be8 e-flex e-con-boxed e-con e-parent\" data-id=\"e8d9be8\" data-element_type=\"container\" data-e-type=\"container\">\n\t\t\t\t\t<div class=\"e-con-inner\">\n\t\t<div class=\"elementor-element elementor-element-29916d9 e-con-full e-flex e-con e-child\" data-id=\"29916d9\" data-element_type=\"container\" data-e-type=\"container\">\n\t\t\t\t<div class=\"elementor-element elementor-element-9a6fe5a elementor-widget elementor-widget-heading\" data-id=\"9a6fe5a\" data-element_type=\"widget\" data-e-type=\"widget\" data-widget_type=\"heading.default\">\n\t\t\t\t\t<h4 class=\"elementor-heading-title elementor-size-default\">LA TOUR D'ARGENT<\/h4>\t\t\t\t<\/div>\n\t\t\t\t<div class=\"elementor-element elementor-element-cf0407e elementor-widget elementor-widget-text-editor\" data-id=\"cf0407e\" data-element_type=\"widget\" data-e-type=\"widget\" data-widget_type=\"text-editor.default\">\n\t\t\t\t\t\t\t\t\t<p><span dir=\"ltr\" role=\"presentation\">Located in the heart of the city center, facing the Collegiate Church, the Tour d\u2019Argent is an iconic vestige <\/span><br role=\"presentation\" \/><span dir=\"ltr\" role=\"presentation\">of the city's medieval fortifications. Built during the Middle Ages, <\/span><br role=\"presentation\" \/><span dir=\"ltr\" role=\"presentation\">it once served as a defense and watchtower, protecting access <\/span><span dir=\"ltr\" role=\"presentation\">to the city walls.<\/span><br role=\"presentation\" \/><span dir=\"ltr\" role=\"presentation\">Today, it stands as a majestic witness to local history,<\/span><span dir=\"ltr\" role=\"presentation\">surrounded <br \/>by canals and the city's peaceful atmosphere. Its stone silhouette, <\/span><br role=\"presentation\" \/><span dir=\"ltr\" role=\"presentation\">steeped in centuries of history, offers a unique charm and serves as a reminder of<\/span><span dir=\"ltr\" role=\"presentation\">L\u2019Isle-sur-la-Sorgue's rich past.<\/span><\/p>\t\t\t\t\t\t\t\t<\/div>\n\t\t\t\t<div class=\"elementor-element elementor-element-ea5db85 elementor-widget elementor-widget-google_maps\" data-id=\"ea5db85\" data-element_type=\"widget\" data-e-type=\"widget\" data-widget_type=\"google_maps.default\">\n\t\t\t\t\t\t\t<div class=\"elementor-custom-embed\">\n\t\t\t<iframe loading=\"lazy\"\n\t\t\t\t\tsrc=\"https:\/\/maps.google.com\/maps?q=%205%20Place%20Ferdinand%20Buisson%2084800%20L%27Isle-sur-la-Sorgue&#038;t=m&#038;z=19&#038;output=embed&#038;iwloc=near\"\n\t\t\t\t\ttitle=\" 5 Place Ferdinand Buisson 84800 L&#039;Isle-sur-la-Sorgue\"\n\t\t\t\t\taria-label=\" 5 Place Ferdinand Buisson 84800 L&#039;Isle-sur-la-Sorgue\"\n\t\t\t><\/iframe>\n\t\t<\/div>\n\t\t\t\t\t\t<\/div>\n\t\t\t\t<\/div>\n\t\t<div class=\"elementor-element elementor-element-ffb6b81 e-con-full e-flex e-con e-child\" data-id=\"ffb6b81\" data-element_type=\"container\" data-e-type=\"container\">\n\t\t\t\t<div class=\"elementor-element elementor-element-8640f20 elementor-widget elementor-widget-image\" data-id=\"8640f20\" data-element_type=\"widget\" data-e-type=\"widget\" data-widget_type=\"image.default\">\n\t\t\t\t\t\t\t\t\t\t\t\t\t\t\t<img fetchpriority=\"high\" decoding=\"async\" width=\"768\" height=\"1024\" src=\"https:\/\/www.buzzartfestival.com\/wp-content\/uploads\/2026\/03\/tour-dargent-isle-sur-la-sorgue-provence-768x1024-1.jpg\" class=\"attachment-large size-large wp-image-1578\" alt=\"\" srcset=\"https:\/\/www.buzzartfestival.com\/wp-content\/uploads\/2026\/03\/tour-dargent-isle-sur-la-sorgue-provence-768x1024-1.jpg 768w, https:\/\/www.buzzartfestival.com\/wp-content\/uploads\/2026\/03\/tour-dargent-isle-sur-la-sorgue-provence-768x1024-1-225x300.jpg 225w\" sizes=\"(max-width: 768px) 100vw, 768px\" \/>\t\t\t\t\t\t\t\t\t\t\t\t\t\t\t<\/div>\n\t\t\t\t<\/div>\n\t\t\t\t\t<\/div>\n\t\t\t\t<\/div>\n\t\t<div class=\"elementor-element elementor-element-bea6bb3 e-flex e-con-boxed e-con e-parent\" data-id=\"bea6bb3\" data-element_type=\"container\" data-e-type=\"container\">\n\t\t\t\t\t<div class=\"e-con-inner\">\n\t\t<div class=\"elementor-element elementor-element-5447154 e-con-full e-flex e-con e-child\" data-id=\"5447154\" data-element_type=\"container\" data-e-type=\"container\">\n\t\t\t\t<div class=\"elementor-element elementor-element-537ebd5 elementor-widget elementor-widget-image\" data-id=\"537ebd5\" data-element_type=\"widget\" data-e-type=\"widget\" data-widget_type=\"image.default\">\n\t\t\t\t\t\t\t\t\t\t\t\t\t\t\t<img decoding=\"async\" width=\"722\" height=\"1024\" src=\"https:\/\/www.buzzartfestival.com\/wp-content\/uploads\/2026\/03\/Chapelle-de-la-Charite-1-722x1024.jpeg\" class=\"attachment-large size-large wp-image-1693\" alt=\"\" srcset=\"https:\/\/www.buzzartfestival.com\/wp-content\/uploads\/2026\/03\/Chapelle-de-la-Charite-1-722x1024.jpeg 722w, https:\/\/www.buzzartfestival.com\/wp-content\/uploads\/2026\/03\/Chapelle-de-la-Charite-1-212x300.jpeg 212w, https:\/\/www.buzzartfestival.com\/wp-content\/uploads\/2026\/03\/Chapelle-de-la-Charite-1-768x1089.jpeg 768w, https:\/\/www.buzzartfestival.com\/wp-content\/uploads\/2026\/03\/Chapelle-de-la-Charite-1.jpeg 903w\" sizes=\"(max-width: 722px) 100vw, 722px\" \/>\t\t\t\t\t\t\t\t\t\t\t\t\t\t\t<\/div>\n\t\t\t\t<\/div>\n\t\t<div class=\"elementor-element elementor-element-e06707f e-con-full e-flex e-con e-child\" data-id=\"e06707f\" data-element_type=\"container\" data-e-type=\"container\">\n\t\t\t\t<div class=\"elementor-element elementor-element-c4407d8 elementor-widget elementor-widget-heading\" data-id=\"c4407d8\" data-element_type=\"widget\" data-e-type=\"widget\" data-widget_type=\"heading.default\">\n\t\t\t\t\t<h4 class=\"elementor-heading-title elementor-size-default\">LA CHAPELLE DE LA CHARIT\u00c9<\/h4>\t\t\t\t<\/div>\n\t\t\t\t<div class=\"elementor-element elementor-element-e0d39fc elementor-widget elementor-widget-text-editor\" data-id=\"e0d39fc\" data-element_type=\"widget\" data-e-type=\"widget\" data-widget_type=\"text-editor.default\">\n\t\t\t\t\t\t\t\t\t<p><span dir=\"ltr\" role=\"presentation\">The Chapelle de la Charit\u00e9, built in the 17th century by the Brotherhood <br role=\"presentation\" \/>of White Penitents, is one of the heritage gems of L\u2019Isle-sur-la-Sorgue.<br role=\"presentation\" \/>Behind its sober facade lies a richly decorated interior,<br role=\"presentation\" \/>featuring superb Baroque ornamentation, carved woodwork, and religious artworks.<br role=\"presentation\" \/>Formerly a place of reflection and solidarity dedicated to charitable works, <br role=\"presentation\" \/>the chapel today bears witness to the city's spiritual and artistic vitality. <br role=\"presentation\" \/>It remains an essential cultural and historical site for both <br role=\"presentation\" \/>visitors and residents.<\/span><\/p>\t\t\t\t\t\t\t\t<\/div>\n\t\t\t\t<div class=\"elementor-element elementor-element-bcc09bd elementor-widget elementor-widget-google_maps\" data-id=\"bcc09bd\" data-element_type=\"widget\" data-e-type=\"widget\" data-widget_type=\"google_maps.default\">\n\t\t\t\t\t\t\t<div class=\"elementor-custom-embed\">\n\t\t\t<iframe loading=\"lazy\"\n\t\t\t\t\tsrc=\"https:\/\/maps.google.com\/maps?q=Rue%20Authenan%2084800%20Isle%20sur%20Sorgue.&#038;t=m&#038;z=19&#038;output=embed&#038;iwloc=near\"\n\t\t\t\t\ttitle=\"Rue Authenan 84800 Isle sur Sorgue.\"\n\t\t\t\t\taria-label=\"Rue Authenan 84800 Isle sur Sorgue.\"\n\t\t\t><\/iframe>\n\t\t<\/div>\n\t\t\t\t\t\t<\/div>\n\t\t\t\t<\/div>\n\t\t\t\t\t<\/div>\n\t\t\t\t<\/div>\n\t\t<div class=\"elementor-element elementor-element-8c6574e e-flex e-con-boxed e-con e-parent\" data-id=\"8c6574e\" data-element_type=\"container\" data-e-type=\"container\">\n\t\t\t\t\t<div class=\"e-con-inner\">\n\t\t<div class=\"elementor-element elementor-element-efe10e1 e-con-full e-flex e-con e-child\" data-id=\"efe10e1\" data-element_type=\"container\" data-e-type=\"container\">\n\t\t\t\t<div class=\"elementor-element elementor-element-fa8b9f8 elementor-widget elementor-widget-heading\" data-id=\"fa8b9f8\" data-element_type=\"widget\" data-e-type=\"widget\" data-widget_type=\"heading.default\">\n\t\t\t\t\t<h4 class=\"elementor-heading-title elementor-size-default\">LE GRENIER PUBLIC<\/h4>\t\t\t\t<\/div>\n\t\t\t\t<div class=\"elementor-element elementor-element-05926b5 elementor-widget elementor-widget-text-editor\" data-id=\"05926b5\" data-element_type=\"widget\" data-e-type=\"widget\" data-widget_type=\"text-editor.default\">\n\t\t\t\t\t\t\t\t\t<p><span dir=\"ltr\" role=\"presentation\">Dating back to the 18th century, <\/span><span dir=\"ltr\" role=\"presentation\">le<\/span>\u00a0<span dir=\"ltr\" role=\"presentation\">Grenier Public once played an essentiel<\/span><br role=\"presentation\" \/><span dir=\"ltr\" role=\"presentation\">role in the economic lif of L\u2019Isle-sur-la-Sorgue. It was used to store and manage <\/span><br role=\"presentation\" \/><span dir=\"ltr\" role=\"presentation\">grain reserves, a vital resource for the population, especially during periods of <\/span><br role=\"presentation\" \/><span dir=\"ltr\" role=\"presentation\">shortage. Its massive and functional architecture serves as a reminder<\/span><br role=\"presentation\" \/><span dir=\"ltr\" role=\"presentation\">of the building's importance in the town's organization.<\/span><br role=\"presentation\" \/><span dir=\"ltr\" role=\"presentation\">Now restored and enhanced, the Public Granary remains a remarkable witness<\/span><br role=\"presentation\" \/><span dir=\"ltr\" role=\"presentation\">to the city's agricultural and commercial past, offering a precious insight <\/span><br role=\"presentation\" \/><span dir=\"ltr\" role=\"presentation\">into its history and heritage.<\/span><\/p>\t\t\t\t\t\t\t\t<\/div>\n\t\t\t\t<div class=\"elementor-element elementor-element-c699df0 elementor-widget elementor-widget-google_maps\" data-id=\"c699df0\" data-element_type=\"widget\" data-e-type=\"widget\" data-widget_type=\"google_maps.default\">\n\t\t\t\t\t\t\t<div class=\"elementor-custom-embed\">\n\t\t\t<iframe loading=\"lazy\"\n\t\t\t\t\tsrc=\"https:\/\/maps.google.com\/maps?q=2%20Place%20de%20la%20Libert%C3%A9%2084800%20L%27Isle-sur-la-Sorgue&#038;t=m&#038;z=19&#038;output=embed&#038;iwloc=near\"\n\t\t\t\t\ttitle=\"2 Place de la Libert\u00e9 84800 L&#039;Isle-sur-la-Sorgue\"\n\t\t\t\t\taria-label=\"2 Place de la Libert\u00e9 84800 L&#039;Isle-sur-la-Sorgue\"\n\t\t\t><\/iframe>\n\t\t<\/div>\n\t\t\t\t\t\t<\/div>\n\t\t\t\t<\/div>\n\t\t<div class=\"elementor-element elementor-element-d71651e e-con-full e-flex e-con e-child\" data-id=\"d71651e\" data-element_type=\"container\" data-e-type=\"container\">\n\t\t\t\t<div class=\"elementor-element elementor-element-c41f8ba elementor-widget elementor-widget-image\" data-id=\"c41f8ba\" data-element_type=\"widget\" data-e-type=\"widget\" data-widget_type=\"image.default\">\n\t\t\t\t\t\t\t\t\t\t\t\t\t\t\t<img decoding=\"async\" width=\"800\" height=\"814\" src=\"https:\/\/www.buzzartfestival.com\/wp-content\/uploads\/2026\/03\/Isle-sur-la-Sorgue_-_Grenier_Public-1006x1024.webp\" class=\"attachment-large size-large wp-image-1650\" alt=\"\" srcset=\"https:\/\/www.buzzartfestival.com\/wp-content\/uploads\/2026\/03\/Isle-sur-la-Sorgue_-_Grenier_Public-1006x1024.webp 1006w, https:\/\/www.buzzartfestival.com\/wp-content\/uploads\/2026\/03\/Isle-sur-la-Sorgue_-_Grenier_Public-295x300.webp 295w, https:\/\/www.buzzartfestival.com\/wp-content\/uploads\/2026\/03\/Isle-sur-la-Sorgue_-_Grenier_Public-768x782.webp 768w, https:\/\/www.buzzartfestival.com\/wp-content\/uploads\/2026\/03\/Isle-sur-la-Sorgue_-_Grenier_Public-1508x1536.webp 1508w, https:\/\/www.buzzartfestival.com\/wp-content\/uploads\/2026\/03\/Isle-sur-la-Sorgue_-_Grenier_Public-2011x2048.webp 1885w, https:\/\/www.buzzartfestival.com\/wp-content\/uploads\/2026\/03\/Isle-sur-la-Sorgue_-_Grenier_Public-scaled.webp 1886w\" sizes=\"(max-width: 800px) 100vw, 800px\" \/>\t\t\t\t\t\t\t\t\t\t\t\t\t\t\t<\/div>\n\t\t\t\t<\/div>\n\t\t\t\t\t<\/div>\n\t\t\t\t<\/div>\n\t\t<div class=\"elementor-element elementor-element-f06f04c e-flex e-con-boxed e-con e-parent\" data-id=\"f06f04c\" data-element_type=\"container\" data-e-type=\"container\">\n\t\t\t\t\t<div class=\"e-con-inner\">\n\t\t<div class=\"elementor-element elementor-element-a0cd1d8 e-con-full e-flex e-con e-child\" data-id=\"a0cd1d8\" data-element_type=\"container\" data-e-type=\"container\">\n\t\t\t\t<div class=\"elementor-element elementor-element-1fb0577 elementor-widget elementor-widget-image\" data-id=\"1fb0577\" data-element_type=\"widget\" data-e-type=\"widget\" data-widget_type=\"image.default\">\n\t\t\t\t\t\t\t\t\t\t\t\t\t\t\t<img loading=\"lazy\" decoding=\"async\" width=\"800\" height=\"534\" src=\"https:\/\/www.buzzartfestival.com\/wp-content\/uploads\/2026\/03\/collegiale-notre-dame-des-anges.jpg\" class=\"attachment-large size-large wp-image-1660\" alt=\"\" srcset=\"https:\/\/www.buzzartfestival.com\/wp-content\/uploads\/2026\/03\/collegiale-notre-dame-des-anges.jpg 959w, https:\/\/www.buzzartfestival.com\/wp-content\/uploads\/2026\/03\/collegiale-notre-dame-des-anges-300x200.jpg 300w, https:\/\/www.buzzartfestival.com\/wp-content\/uploads\/2026\/03\/collegiale-notre-dame-des-anges-768x513.jpg 768w\" sizes=\"(max-width: 800px) 100vw, 800px\" \/>\t\t\t\t\t\t\t\t\t\t\t\t\t\t\t<\/div>\n\t\t\t\t<\/div>\n\t\t<div class=\"elementor-element elementor-element-677b243 e-con-full e-flex e-con e-child\" data-id=\"677b243\" data-element_type=\"container\" data-e-type=\"container\">\n\t\t\t\t<div class=\"elementor-element elementor-element-1780a5e elementor-widget elementor-widget-heading\" data-id=\"1780a5e\" data-element_type=\"widget\" data-e-type=\"widget\" data-widget_type=\"heading.default\">\n\t\t\t\t\t<h4 class=\"elementor-heading-title elementor-size-default\">LA COLL\u00c9GIALE NOTRE DAME DES ANGES<\/h4>\t\t\t\t<\/div>\n\t\t\t\t<div class=\"elementor-element elementor-element-c1eb657 elementor-widget elementor-widget-text-editor\" data-id=\"c1eb657\" data-element_type=\"widget\" data-e-type=\"widget\" data-widget_type=\"text-editor.default\">\n\t\t\t\t\t\t\t\t\t<p>The<span dir=\"ltr\" role=\"presentation\">Notre-Dame des Anges collegiate church, founded in <\/span><span dir=\"ltr\" role=\"presentation\">the 13<\/span><span dir=\"ltr\" role=\"presentation\">th<\/span> <span dir=\"ltr\" role=\"presentation\">century and entirely<\/span><br role=\"presentation\" \/><span dir=\"ltr\" role=\"presentation\">rebuilt in <\/span><span dir=\"ltr\" role=\"presentation\">the 17th<\/span> <span dir=\"ltr\" role=\"presentation\">th<\/span> <span dir=\"ltr\" role=\"presentation\">century in a Proven\u00e7al Baroque style, is one of the major monuments <\/span><br role=\"presentation\" \/><span dir=\"ltr\" role=\"presentation\">of L\u2019Isle-sur-la-Sorgue. Its interior, richly decorated with altarpieces, <\/span><br role=\"presentation\" \/><span dir=\"ltr\" role=\"presentation\">gilding, and sculptures, bears witness to the city's prosperity during that era. <\/span><br role=\"presentation\" \/><span dir=\"ltr\" role=\"presentation\">Dominated by a monumental choir and more than two hundred figures of angels,<\/span><br role=\"presentation\" \/><span dir=\"ltr\" role=\"presentation\">the collegiate church embodies the religious and artistic history of the city.<\/span><br role=\"presentation\" \/><span dir=\"ltr\" role=\"presentation\">Classified as a Historical Monument in 1911, it remains a precious symbol<\/span><br role=\"presentation\" \/><span dir=\"ltr\" role=\"presentation\">of L\u2019Isle-sur-la-Sorgue's heritage.<\/span><\/p>\t\t\t\t\t\t\t\t<\/div>\n\t\t\t\t<div class=\"elementor-element elementor-element-b1ca80c elementor-widget elementor-widget-google_maps\" data-id=\"b1ca80c\" data-element_type=\"widget\" data-e-type=\"widget\" data-widget_type=\"google_maps.default\">\n\t\t\t\t\t\t\t<div class=\"elementor-custom-embed\">\n\t\t\t<iframe loading=\"lazy\"\n\t\t\t\t\tsrc=\"https:\/\/maps.google.com\/maps?q=%20Pl.%20de%20la%20Libert%C3%A9%2C%2084800%20L%27Isle-sur-la-Sorgue&#038;t=m&#038;z=19&#038;output=embed&#038;iwloc=near\"\n\t\t\t\t\ttitle=\" Pl. de la Libert\u00e9, 84800 L&#039;Isle-sur-la-Sorgue\"\n\t\t\t\t\taria-label=\" Pl. de la Libert\u00e9, 84800 L&#039;Isle-sur-la-Sorgue\"\n\t\t\t><\/iframe>\n\t\t<\/div>\n\t\t\t\t\t\t<\/div>\n\t\t\t\t<\/div>\n\t\t\t\t\t<\/div>\n\t\t\t\t<\/div>\n\t\t<div class=\"elementor-element elementor-element-a3ba2fc e-flex e-con-boxed e-con e-parent\" data-id=\"a3ba2fc\" data-element_type=\"container\" data-e-type=\"container\">\n\t\t\t\t\t<div class=\"e-con-inner\">\n\t\t<div class=\"elementor-element elementor-element-600a9bb e-con-full e-flex e-con e-child\" data-id=\"600a9bb\" data-element_type=\"container\" data-e-type=\"container\">\n\t\t\t\t<div class=\"elementor-element elementor-element-b2da5fd elementor-widget elementor-widget-heading\" data-id=\"b2da5fd\" data-element_type=\"widget\" data-e-type=\"widget\" data-widget_type=\"heading.default\">\n\t\t\t\t\t<h4 class=\"elementor-heading-title elementor-size-default\">LA CHAPELLE DES P\u00c9NITENTS BLEUS<\/h4>\t\t\t\t<\/div>\n\t\t\t\t<div class=\"elementor-element elementor-element-73588df elementor-widget elementor-widget-text-editor\" data-id=\"73588df\" data-element_type=\"widget\" data-e-type=\"widget\" data-widget_type=\"text-editor.default\">\n\t\t\t\t\t\t\t\t\t<p>The <span dir=\"ltr\" role=\"presentation\">Chapelle des P\u00e9nitents Bleus is an 18th-century religious <\/span><span dir=\"ltr\" role=\"presentation\">building,<\/span><span dir=\"ltr\" role=\"presentation\">th<\/span> <span dir=\"ltr\" role=\"presentation\">constructed <\/span><br role=\"presentation\" \/><span dir=\"ltr\" role=\"presentation\">between<\/span> <span dir=\"ltr\" role=\"presentation\">1766 and<\/span> <span dir=\"ltr\" role=\"presentation\">1769 for the Brotherhood of Blue Penitents.<\/span><br role=\"presentation\" \/><span dir=\"ltr\" role=\"presentation\">Located in the heart of L\u2019Isle-sur-la-Sorgue, it is representative of Comtadine architecture <\/span><br role=\"presentation\" \/><span dir=\"ltr\" role=\"presentation\">with its sober facade and plaster interior decor.<\/span><br role=\"presentation\" \/><span dir=\"ltr\" role=\"presentation\">Desecrated in <\/span><span dir=\"ltr\" role=\"presentation\">the 20th<\/span><span dir=\"ltr\" role=\"presentation\">th<\/span> <span dir=\"ltr\" role=\"presentation\">century, it now belongs to the municipality and<\/span><br role=\"presentation\" \/><span dir=\"ltr\" role=\"presentation\">has been listed as a Historical Monument since 2022.<\/span><\/p>\t\t\t\t\t\t\t\t<\/div>\n\t\t\t\t<div class=\"elementor-element elementor-element-27f73e6 elementor-widget elementor-widget-google_maps\" data-id=\"27f73e6\" data-element_type=\"widget\" data-e-type=\"widget\" data-widget_type=\"google_maps.default\">\n\t\t\t\t\t\t\t<div class=\"elementor-custom-embed\">\n\t\t\t<iframe loading=\"lazy\"\n\t\t\t\t\tsrc=\"https:\/\/maps.google.com\/maps?q=1%20Rue%20Voltaire%2084800%20L%27Isle-sur-la-Sorgue&#038;t=m&#038;z=19&#038;output=embed&#038;iwloc=near\"\n\t\t\t\t\ttitle=\"1 Rue Voltaire 84800 L&#039;Isle-sur-la-Sorgue\"\n\t\t\t\t\taria-label=\"1 Rue Voltaire 84800 L&#039;Isle-sur-la-Sorgue\"\n\t\t\t><\/iframe>\n\t\t<\/div>\n\t\t\t\t\t\t<\/div>\n\t\t\t\t<\/div>\n\t\t<div class=\"elementor-element elementor-element-5403960 e-con-full e-flex e-con e-child\" data-id=\"5403960\" data-element_type=\"container\" data-e-type=\"container\">\n\t\t\t\t<div class=\"elementor-element elementor-element-ba004a6 elementor-widget elementor-widget-image\" data-id=\"ba004a6\" data-element_type=\"widget\" data-e-type=\"widget\" data-widget_type=\"image.default\">\n\t\t\t\t\t\t\t\t\t\t\t\t\t\t\t<img loading=\"lazy\" decoding=\"async\" width=\"800\" height=\"534\" src=\"https:\/\/www.buzzartfestival.com\/wp-content\/uploads\/2026\/03\/chapelle-des-penitents-bleus.jpg\" class=\"attachment-large size-large wp-image-1662\" alt=\"\" srcset=\"https:\/\/www.buzzartfestival.com\/wp-content\/uploads\/2026\/03\/chapelle-des-penitents-bleus.jpg 800w, https:\/\/www.buzzartfestival.com\/wp-content\/uploads\/2026\/03\/chapelle-des-penitents-bleus-300x200.jpg 300w, https:\/\/www.buzzartfestival.com\/wp-content\/uploads\/2026\/03\/chapelle-des-penitents-bleus-768x513.jpg 768w\" sizes=\"(max-width: 800px) 100vw, 800px\" \/>\t\t\t\t\t\t\t\t\t\t\t\t\t\t\t<\/div>\n\t\t\t\t<\/div>\n\t\t\t\t\t<\/div>\n\t\t\t\t<\/div>\n\t\t\t\t<\/div>","protected":false},"excerpt":{"rendered":"<p>DES LIEUX D&rsquo;EXPOSITION EXCEPTIONNELS LA TOUR D&rsquo;ARGENT Situ\u00e9e en plein c\u0153ur de ville, face \u00e0 la Coll\u00e9giale, la Tour d\u2019Argent est un vestige embl\u00e9matique des fortifications m\u00e9di\u00e9vales de la ville. \u00c9rig\u00e9e au Moyen \u00c2ge, elle servait autrefois de tour de d\u00e9fense et de guet, prot\u00e9geant l\u2019acc\u00e8s \u00e0 l\u2019enceinte urbaine.Aujourd\u2019hui, elle se dresse comme un t\u00e9moin [&hellip;]<\/p>\n","protected":false},"author":1,"featured_media":0,"parent":0,"menu_order":0,"comment_status":"closed","ping_status":"closed","template":"","meta":{"_acf_changed":false,"inline_featured_image":false,"footnotes":""},"class_list":["post-1570","page","type-page","status-publish","hentry"],"acf":[],"_links":{"self":[{"href":"https:\/\/www.buzzartfestival.com\/en\/wp-json\/wp\/v2\/pages\/1570","targetHints":{"allow":["GET"]}}],"collection":[{"href":"https:\/\/www.buzzartfestival.com\/en\/wp-json\/wp\/v2\/pages"}],"about":[{"href":"https:\/\/www.buzzartfestival.com\/en\/wp-json\/wp\/v2\/types\/page"}],"author":[{"embeddable":true,"href":"https:\/\/www.buzzartfestival.com\/en\/wp-json\/wp\/v2\/users\/1"}],"replies":[{"embeddable":true,"href":"https:\/\/www.buzzartfestival.com\/en\/wp-json\/wp\/v2\/comments?post=1570"}],"version-history":[{"count":43,"href":"https:\/\/www.buzzartfestival.com\/en\/wp-json\/wp\/v2\/pages\/1570\/revisions"}],"predecessor-version":[{"id":1698,"href":"https:\/\/www.buzzartfestival.com\/en\/wp-json\/wp\/v2\/pages\/1570\/revisions\/1698"}],"wp:attachment":[{"href":"https:\/\/www.buzzartfestival.com\/en\/wp-json\/wp\/v2\/media?parent=1570"}],"curies":[{"name":"wp","href":"https:\/\/api.w.org\/{rel}","templated":true}]}}