{"id":1257,"date":"2026-03-16T10:55:08","date_gmt":"2026-03-16T09:55:08","guid":{"rendered":"https:\/\/www.buzzartfestival.com\/?page_id=1257"},"modified":"2026-03-17T16:55:18","modified_gmt":"2026-03-17T15:55:18","slug":"les-vieilles-recettes","status":"publish","type":"page","link":"https:\/\/www.buzzartfestival.com\/en\/les-vieilles-recettes\/","title":{"rendered":"Les Vieilles Recettes"},"content":{"rendered":"<div data-elementor-type=\"wp-page\" data-elementor-id=\"1257\" class=\"elementor elementor-1257\" data-elementor-post-type=\"page\">\n\t\t\t\t<div class=\"elementor-element elementor-element-f9515ac e-flex e-con-boxed e-con e-parent\" data-id=\"f9515ac\" data-element_type=\"container\" data-e-type=\"container\" data-settings=\"{&quot;background_background&quot;:&quot;gradient&quot;}\">\n\t\t\t\t\t<div class=\"e-con-inner\">\n\t\t<div class=\"elementor-element elementor-element-7ac31c0 e-con-full e-flex e-con e-child\" data-id=\"7ac31c0\" data-element_type=\"container\" data-e-type=\"container\">\n\t\t\t\t<div class=\"elementor-element elementor-element-7736bfa elementor-widget elementor-widget-heading\" data-id=\"7736bfa\" data-element_type=\"widget\" data-e-type=\"widget\" data-widget_type=\"heading.default\">\n\t\t\t\t\t<h1 class=\"elementor-heading-title elementor-size-default\">LES VIEILLES RECETTES REVISIT\u00c9ES<\/h1>\t\t\t\t<\/div>\n\t\t\t\t<\/div>\n\t\t<div class=\"elementor-element elementor-element-a35b063 e-con-full e-flex e-con e-child\" data-id=\"a35b063\" data-element_type=\"container\" data-e-type=\"container\">\n\t\t<div class=\"elementor-element elementor-element-b051b84 e-con-full e-flex e-con e-child\" data-id=\"b051b84\" data-element_type=\"container\" data-e-type=\"container\">\n\t\t\t\t<div class=\"elementor-element elementor-element-7a0b0dd elementor-widget elementor-widget-image\" data-id=\"7a0b0dd\" data-element_type=\"widget\" data-e-type=\"widget\" data-widget_type=\"image.default\">\n\t\t\t\t\t\t\t\t\t\t\t\t\t\t\t<img fetchpriority=\"high\" decoding=\"async\" width=\"800\" height=\"838\" src=\"https:\/\/www.buzzartfestival.com\/wp-content\/uploads\/2026\/02\/Evenement-Vieilles-Recettes-REVISITEES-977x1024.webp\" class=\"attachment-large size-large wp-image-451\" alt=\"\" srcset=\"https:\/\/www.buzzartfestival.com\/wp-content\/uploads\/2026\/02\/Evenement-Vieilles-Recettes-REVISITEES-977x1024.webp 977w, https:\/\/www.buzzartfestival.com\/wp-content\/uploads\/2026\/02\/Evenement-Vieilles-Recettes-REVISITEES-286x300.webp 286w, https:\/\/www.buzzartfestival.com\/wp-content\/uploads\/2026\/02\/Evenement-Vieilles-Recettes-REVISITEES-768x805.webp 768w, https:\/\/www.buzzartfestival.com\/wp-content\/uploads\/2026\/02\/Evenement-Vieilles-Recettes-REVISITEES.webp 1162w\" sizes=\"(max-width: 800px) 100vw, 800px\" \/>\t\t\t\t\t\t\t\t\t\t\t\t\t\t\t<\/div>\n\t\t\t\t<div class=\"elementor-element elementor-element-6c17de1 elementor-widget elementor-widget-image\" data-id=\"6c17de1\" data-element_type=\"widget\" data-e-type=\"widget\" data-widget_type=\"image.default\">\n\t\t\t\t\t\t\t\t\t\t\t\t\t\t\t<img decoding=\"async\" width=\"800\" height=\"495\" src=\"https:\/\/www.buzzartfestival.com\/wp-content\/uploads\/2026\/03\/poisson-1024x633.jpg\" class=\"attachment-large size-large wp-image-1430\" alt=\"\" srcset=\"https:\/\/www.buzzartfestival.com\/wp-content\/uploads\/2026\/03\/poisson-1024x633.jpg 1024w, https:\/\/www.buzzartfestival.com\/wp-content\/uploads\/2026\/03\/poisson-300x185.jpg 300w, https:\/\/www.buzzartfestival.com\/wp-content\/uploads\/2026\/03\/poisson-768x475.jpg 768w, https:\/\/www.buzzartfestival.com\/wp-content\/uploads\/2026\/03\/poisson.jpg 1123w\" sizes=\"(max-width: 800px) 100vw, 800px\" \/>\t\t\t\t\t\t\t\t\t\t\t\t\t\t\t<\/div>\n\t\t\t\t<div class=\"elementor-element elementor-element-63ed4ac elementor-widget elementor-widget-image\" data-id=\"63ed4ac\" data-element_type=\"widget\" data-e-type=\"widget\" data-widget_type=\"image.default\">\n\t\t\t\t\t\t\t\t\t\t\t\t\t\t\t<img decoding=\"async\" width=\"711\" height=\"481\" src=\"https:\/\/www.buzzartfestival.com\/wp-content\/uploads\/2026\/03\/VIEILLES-RECETTES-IMAGE-3.jpg\" class=\"attachment-large size-large wp-image-1413\" alt=\"\" srcset=\"https:\/\/www.buzzartfestival.com\/wp-content\/uploads\/2026\/03\/VIEILLES-RECETTES-IMAGE-3.jpg 711w, https:\/\/www.buzzartfestival.com\/wp-content\/uploads\/2026\/03\/VIEILLES-RECETTES-IMAGE-3-300x203.jpg 300w\" sizes=\"(max-width: 711px) 100vw, 711px\" \/>\t\t\t\t\t\t\t\t\t\t\t\t\t\t\t<\/div>\n\t\t\t\t<\/div>\n\t\t<div class=\"elementor-element elementor-element-248461b e-con-full e-flex e-con e-child\" data-id=\"248461b\" data-element_type=\"container\" data-e-type=\"container\">\n\t\t\t\t<div class=\"elementor-element elementor-element-952acb4 elementor-widget elementor-widget-heading\" data-id=\"952acb4\" data-element_type=\"widget\" data-e-type=\"widget\" data-widget_type=\"heading.default\">\n\t\t\t\t\t<h2 class=\"elementor-heading-title elementor-size-default\">Et si la tradition devenait\nvotre plus bel atout\nde modernit\u00e9 ?<\/h2>\t\t\t\t<\/div>\n\t\t\t\t<div class=\"elementor-element elementor-element-919fbdb elementor-widget elementor-widget-text-editor\" data-id=\"919fbdb\" data-element_type=\"widget\" data-e-type=\"widget\" data-widget_type=\"text-editor.default\">\n\t\t\t\t\t\t\t\t\t<p><span class=\"markedContent\"><span dir=\"ltr\" role=\"presentation\">Apr\u00e8s une premi\u00e8re \u00e9dition remarqu\u00e9e, <\/span><span dir=\"ltr\" role=\"presentation\">le Rendez-<\/span><span dir=\"ltr\" role=\"presentation\">vous des Vieilles Recettes <\/span><span dir=\"ltr\" role=\"presentation\">revient \u00e0 L\u2019Isle-sur-<\/span><span dir=\"ltr\" role=\"presentation\">la-Sorgue avec un nouveau th\u00e8me f\u00e9d\u00e9rateur et <\/span><span dir=\"ltr\" role=\"presentation\">cr\u00e9atif : <\/span><span dir=\"ltr\" role=\"presentation\">les vieilles recettes revisit\u00e9es. <\/span><span dir=\"ltr\" role=\"presentation\">Un \u00e9v\u00e9nement qui met \u00e0 l\u2019honneur la cuisine <\/span><span dir=\"ltr\" role=\"presentation\">comme un art \u00e0 part enti\u00e8re, au croisement de la <\/span><span dir=\"ltr\" role=\"presentation\">m\u00e9moire, du savoir-faire et de l\u2019innovation.<\/span><\/span><\/p>\t\t\t\t\t\t\t\t<\/div>\n\t\t\t\t<div class=\"elementor-element elementor-element-ae2e2a9 elementor-widget elementor-widget-heading\" data-id=\"ae2e2a9\" data-element_type=\"widget\" data-e-type=\"widget\" data-widget_type=\"heading.default\">\n\t\t\t\t\t<h6 class=\"elementor-heading-title elementor-size-default\">LE CONCEPT<\/h6>\t\t\t\t<\/div>\n\t\t\t\t<div class=\"elementor-element elementor-element-1dfcb6d elementor-widget elementor-widget-text-editor\" data-id=\"1dfcb6d\" data-element_type=\"widget\" data-e-type=\"widget\" data-widget_type=\"text-editor.default\">\n\t\t\t\t\t\t\t\t\t<p><span class=\"markedContent\"><span dir=\"ltr\" role=\"presentation\">Pendant <\/span><span dir=\"ltr\" role=\"presentation\">trois <\/span><span dir=\"ltr\" role=\"presentation\">semaines,<\/span><span dir=\"ltr\" role=\"presentation\"> les restaurants <\/span><span dir=\"ltr\" role=\"presentation\">partenaires proposent \u00e0 leurs clients une <\/span><span dir=\"ltr\" role=\"presentation\">\u00ab vieille <\/span><span dir=\"ltr\" role=\"presentation\">recette revisit\u00e9e \u00bb : <\/span><span dir=\"ltr\" role=\"presentation\">un plat inspir\u00e9 du patrimoine culinaire, r\u00e9interpr\u00e9t\u00e9 <\/span><span dir=\"ltr\" role=\"presentation\">avec une touche personnelle, contemporaine ou <\/span><span dir=\"ltr\" role=\"presentation\">audacieuse.<\/span><br role=\"presentation\" \/><span dir=\"ltr\" role=\"presentation\">Gr\u00e2ce \u00e0 un <\/span><span dir=\"ltr\" role=\"presentation\">QR code, <\/span><span dir=\"ltr\" role=\"presentation\">les clients sont invit\u00e9s \u00e0 voter <\/span><span dir=\"ltr\" role=\"presentation\">pour la recette qui incarne le mieux l\u2019\u00e9quilibre entre <\/span><span dir=\"ltr\" role=\"presentation\">tradition et modernit\u00e9. <\/span><span dir=\"ltr\" role=\"presentation\">Une d\u00e9marche participative, ludique et engageante, <\/span><span dir=\"ltr\" role=\"presentation\">qui transforme chaque client en v\u00e9ritable acteur de <\/span><span dir=\"ltr\" role=\"presentation\">l\u2019\u00e9v\u00e9nement.<\/span><\/span><\/p>\t\t\t\t\t\t\t\t<\/div>\n\t\t\t\t<div class=\"elementor-element elementor-element-ecaa65b elementor-widget elementor-widget-heading\" data-id=\"ecaa65b\" data-element_type=\"widget\" data-e-type=\"widget\" data-widget_type=\"heading.default\">\n\t\t\t\t\t<h6 class=\"elementor-heading-title elementor-size-default\">POURQUOI PARTICIPER EN TANT QUE RESTAURATEUR ?<\/h6>\t\t\t\t<\/div>\n\t\t\t\t<div class=\"elementor-element elementor-element-81ac4d4 elementor-widget elementor-widget-text-editor\" data-id=\"81ac4d4\" data-element_type=\"widget\" data-e-type=\"widget\" data-widget_type=\"text-editor.default\">\n\t\t\t\t\t\t\t\t\t<ul><li><span class=\"markedContent\"><span dir=\"ltr\" role=\"presentation\"><strong>Valoriser votre identit\u00e9 culinaire<\/strong><br \/><\/span><\/span><span class=\"markedContent\"><span dir=\"ltr\" role=\"presentation\">Mettre en lumi\u00e8re votre cr\u00e9ativit\u00e9, votre histoire <\/span><span dir=\"ltr\" role=\"presentation\">et votre vision de la cuisine.<\/span><\/span><\/li><li><span class=\"markedContent\"><span dir=\"ltr\" role=\"presentation\"><strong>Cr\u00e9er un rendez-vous avec vos clients<\/strong><br \/><\/span><\/span><span class=\"markedContent\"><span dir=\"ltr\" role=\"presentation\">Donner une raison suppl\u00e9mentaire de venir, de <\/span><span dir=\"ltr\" role=\"presentation\">revenir&#8230; et de parler de vous.<\/span><\/span><\/li><li><span class=\"markedContent\"><span dir=\"ltr\" role=\"presentation\"><strong>B\u00e9n\u00e9ficier d\u2019une visibilit\u00e9 collective<\/strong><br \/><\/span><\/span><span class=\"markedContent\"><span dir=\"ltr\" role=\"presentation\">Communication globale de l\u2019\u00e9v\u00e9nement, synergie <\/span><span dir=\"ltr\" role=\"presentation\">entre \u00e9tablissements, attractivit\u00e9 renforc\u00e9e de la <\/span><br role=\"presentation\" \/><span dir=\"ltr\" role=\"presentation\">destination.<\/span><\/span><\/li><li><span class=\"markedContent\"><span dir=\"ltr\" role=\"presentation\"><strong>S\u2019inscrire dans une dynamique culturelle forte<\/strong><br \/><\/span><\/span><span class=\"markedContent\"><span dir=\"ltr\" role=\"presentation\">L\u2019\u00e9v\u00e9nement s\u2019inscrit dans le cadre du <\/span><strong><span dir=\"ltr\" role=\"presentation\">festival <\/span><\/strong><span dir=\"ltr\" role=\"presentation\"><strong>BuzzArt<\/strong>, <\/span><span dir=\"ltr\" role=\"presentation\">qui c\u00e9l\u00e8bre l\u2019Art sous toutes ses formes : <\/span><span dir=\"ltr\" role=\"presentation\">arts visuels, art de vivre, et art gastronomique.<\/span><\/span><\/li><li><span class=\"markedContent\"><strong><span dir=\"ltr\" role=\"presentation\">Un <\/span><span dir=\"ltr\" role=\"presentation\">\u00e9v\u00e9nement <\/span><span dir=\"ltr\" role=\"presentation\">precious <\/span><span dir=\"ltr\" role=\"presentation\">coh\u00e9rence <\/span><span dir=\"ltr\" role=\"presentation\">for <\/span><span dir=\"ltr\" role=\"presentation\">l\u2019ADN <\/span><span dir=\"ltr\" role=\"presentation\">de <\/span><\/strong><span dir=\"ltr\" role=\"presentation\"><strong>L\u2019Isle-sur-la-Sorgue<\/strong><br \/><\/span><\/span><span class=\"markedContent\"><span dir=\"ltr\" role=\"presentation\">Ville de caract\u00e8re, d\u2019art et de savoir-vivre, L\u2019Isle-<\/span><span dir=\"ltr\" role=\"presentation\">sur-la-Sorgue offre un \u00e9crin naturel \u00e0 cette <\/span><span dir=\"ltr\" role=\"presentation\">rencontre entre pass\u00e9 et pr\u00e9sent, entre recettes <\/span><span dir=\"ltr\" role=\"presentation\">d\u2019hier et cr\u00e9ations d\u2019aujourd\u2019hui.<\/span><\/span><\/li><\/ul>\t\t\t\t\t\t\t\t<\/div>\n\t\t\t\t<div class=\"elementor-element elementor-element-2dec8c5 elementor-widget elementor-widget-heading\" data-id=\"2dec8c5\" data-element_type=\"widget\" data-e-type=\"widget\" data-widget_type=\"heading.default\">\n\t\t\t\t\t<h6 class=\"elementor-heading-title elementor-size-default\">REJOIGNEZ L'AVENTURE<\/h6>\t\t\t\t<\/div>\n\t\t\t\t<div class=\"elementor-element elementor-element-08e85e5 elementor-widget elementor-widget-text-editor\" data-id=\"08e85e5\" data-element_type=\"widget\" data-e-type=\"widget\" data-widget_type=\"text-editor.default\">\n\t\t\t\t\t\t\t\t\t<p><strong><span class=\"markedContent\"><span dir=\"ltr\" role=\"presentation\">Participer au Rendez-vous des Vieilles Recettes, <\/span><br role=\"presentation\" \/><span dir=\"ltr\" role=\"presentation\">c\u2019est :<\/span><\/span><\/strong><\/p><ul><li><span class=\"markedContent\"><span dir=\"ltr\" role=\"presentation\">Faire partie d\u2019un projet f\u00e9d\u00e9rateur,<\/span><\/span><\/li><li><span class=\"markedContent\"><span dir=\"ltr\" role=\"presentation\">Affirmer votre place dans la sc\u00e8ne gastronomique <\/span><span dir=\"ltr\" role=\"presentation\">locale,<\/span><\/span><\/li><li><span class=\"markedContent\"><span dir=\"ltr\" role=\"presentation\">Contribuer \u00e0 une vision vivante et contemporaine <\/span><br role=\"presentation\" \/><span dir=\"ltr\" role=\"presentation\">de la tradition.<\/span><\/span><\/li><\/ul>\t\t\t\t\t\t\t\t<\/div>\n\t\t\t\t<\/div>\n\t\t<div class=\"elementor-element elementor-element-adb6522 e-con-full e-flex e-con e-child\" data-id=\"adb6522\" data-element_type=\"container\" data-e-type=\"container\">\n\t\t\t\t<div class=\"elementor-element elementor-element-f894ed0 elementor-widget-divider--view-line elementor-widget elementor-widget-divider\" data-id=\"f894ed0\" data-element_type=\"widget\" data-e-type=\"widget\" data-widget_type=\"divider.default\">\n\t\t\t\t\t\t\t<div class=\"elementor-divider\">\n\t\t\t<span class=\"elementor-divider-separator\">\n\t\t\t\t\t\t<\/span>\n\t\t<\/div>\n\t\t\t\t\t\t<\/div>\n\t\t\t\t<\/div>\n\t\t\t\t<\/div>\n\t\t<div class=\"elementor-element elementor-element-f946d44 e-con-full e-grid e-con e-child\" data-id=\"f946d44\" data-element_type=\"container\" data-e-type=\"container\">\n\t\t<div class=\"elementor-element elementor-element-8ed2f9b e-con-full e-flex e-con e-child\" data-id=\"8ed2f9b\" data-element_type=\"container\" data-e-type=\"container\">\n\t\t\t\t<div class=\"elementor-element elementor-element-add97c5 elementor-widget elementor-widget-image\" data-id=\"add97c5\" data-element_type=\"widget\" data-e-type=\"widget\" data-widget_type=\"image.default\">\n\t\t\t\t\t\t\t\t\t\t\t\t\t\t\t<img loading=\"lazy\" decoding=\"async\" width=\"299\" height=\"240\" src=\"https:\/\/www.buzzartfestival.com\/wp-content\/uploads\/2026\/03\/VIEILLES-RECETTES-MARRAINE.jpg\" class=\"attachment-large size-large wp-image-1414\" alt=\"\" \/>\t\t\t\t\t\t\t\t\t\t\t\t\t\t\t<\/div>\n\t\t\t\t<div class=\"elementor-element elementor-element-bc308a5 elementor-widget elementor-widget-heading\" data-id=\"bc308a5\" data-element_type=\"widget\" data-e-type=\"widget\" data-widget_type=\"heading.default\">\n\t\t\t\t\t<h4 class=\"elementor-heading-title elementor-size-default\">Patricia ALEXANDRE<\/h4>\t\t\t\t<\/div>\n\t\t\t\t<div class=\"elementor-element elementor-element-be3aada elementor-widget-divider--view-line elementor-widget elementor-widget-divider\" data-id=\"be3aada\" data-element_type=\"widget\" data-e-type=\"widget\" data-widget_type=\"divider.default\">\n\t\t\t\t\t\t\t<div class=\"elementor-divider\">\n\t\t\t<span class=\"elementor-divider-separator\">\n\t\t\t\t\t\t<\/span>\n\t\t<\/div>\n\t\t\t\t\t\t<\/div>\n\t\t\t\t<div class=\"elementor-element elementor-element-89fd7cf elementor-widget elementor-widget-heading\" data-id=\"89fd7cf\" data-element_type=\"widget\" data-e-type=\"widget\" data-widget_type=\"heading.default\">\n\t\t\t\t\t<h5 class=\"elementor-heading-title elementor-size-default\">Marraine<\/h5>\t\t\t\t<\/div>\n\t\t\t\t<div class=\"elementor-element elementor-element-e6648c3 elementor-widget elementor-widget-text-editor\" data-id=\"e6648c3\" data-element_type=\"widget\" data-e-type=\"widget\" data-widget_type=\"text-editor.default\">\n\t\t\t\t\t\t\t\t\t<p><span dir=\"ltr\" role=\"presentation\">Vigneronne fran\u00e7aise<\/span><br role=\"presentation\" \/><span dir=\"ltr\" role=\"presentation\">(Domaine des Peyre)<\/span><br role=\"presentation\" \/><span dir=\"ltr\" role=\"presentation\">et ancienne directrice<\/span><br role=\"presentation\" \/><span dir=\"ltr\" role=\"presentation\">du guide gastronomique<\/span><br role=\"presentation\" \/><span dir=\"ltr\" role=\"presentation\">Gault &amp; Millau.<\/span><\/p>\t\t\t\t\t\t\t\t<\/div>\n\t\t\t\t<\/div>\n\t\t<div class=\"elementor-element elementor-element-8f49d75 e-con-full e-flex e-con e-child\" data-id=\"8f49d75\" data-element_type=\"container\" data-e-type=\"container\">\n\t\t\t\t<div class=\"elementor-element elementor-element-eac2df0 elementor-widget elementor-widget-image\" data-id=\"eac2df0\" data-element_type=\"widget\" data-e-type=\"widget\" data-widget_type=\"image.default\">\n\t\t\t\t\t\t\t\t\t\t\t\t\t\t\t<img loading=\"lazy\" decoding=\"async\" width=\"304\" height=\"241\" src=\"https:\/\/www.buzzartfestival.com\/wp-content\/uploads\/2026\/03\/VIEILLES-RECETTES-PARRAIN-1.jpg\" class=\"attachment-large size-large wp-image-1415\" alt=\"\" srcset=\"https:\/\/www.buzzartfestival.com\/wp-content\/uploads\/2026\/03\/VIEILLES-RECETTES-PARRAIN-1.jpg 304w, https:\/\/www.buzzartfestival.com\/wp-content\/uploads\/2026\/03\/VIEILLES-RECETTES-PARRAIN-1-300x238.jpg 300w\" sizes=\"(max-width: 304px) 100vw, 304px\" \/>\t\t\t\t\t\t\t\t\t\t\t\t\t\t\t<\/div>\n\t\t\t\t<div class=\"elementor-element elementor-element-164e109 elementor-widget elementor-widget-heading\" data-id=\"164e109\" data-element_type=\"widget\" data-e-type=\"widget\" data-widget_type=\"heading.default\">\n\t\t\t\t\t<h4 class=\"elementor-heading-title elementor-size-default\">Daniel H\u00c9BET<\/h4>\t\t\t\t<\/div>\n\t\t\t\t<div class=\"elementor-element elementor-element-b59afe6 elementor-widget-divider--view-line elementor-widget elementor-widget-divider\" data-id=\"b59afe6\" data-element_type=\"widget\" data-e-type=\"widget\" data-widget_type=\"divider.default\">\n\t\t\t\t\t\t\t<div class=\"elementor-divider\">\n\t\t\t<span class=\"elementor-divider-separator\">\n\t\t\t\t\t\t<\/span>\n\t\t<\/div>\n\t\t\t\t\t\t<\/div>\n\t\t\t\t<div class=\"elementor-element elementor-element-6e88c5e elementor-widget elementor-widget-heading\" data-id=\"6e88c5e\" data-element_type=\"widget\" data-e-type=\"widget\" data-widget_type=\"heading.default\">\n\t\t\t\t\t<h5 class=\"elementor-heading-title elementor-size-default\">Parrain<\/h5>\t\t\t\t<\/div>\n\t\t\t\t<div class=\"elementor-element elementor-element-ef41772 elementor-widget elementor-widget-text-editor\" data-id=\"ef41772\" data-element_type=\"widget\" data-e-type=\"widget\" data-widget_type=\"text-editor.default\">\n\t\t\t\t\t\t\t\t\t<p><span dir=\"ltr\" role=\"presentation\">Chef du restaurant<\/span><br role=\"presentation\" \/><span dir=\"ltr\" role=\"presentation\">Le Jardin du quai,<\/span><br role=\"presentation\" \/><span dir=\"ltr\" role=\"presentation\">et l\u2019Atelier du Jardin<\/span><br role=\"presentation\" \/><span dir=\"ltr\" role=\"presentation\">situ\u00e9 \u00e0 L\u2019Isle-sur-la-Sorgue.<\/span><\/p>\t\t\t\t\t\t\t\t<\/div>\n\t\t\t\t<\/div>\n\t\t<div class=\"elementor-element elementor-element-0b8ff1c e-con-full e-flex e-con e-child\" data-id=\"0b8ff1c\" data-element_type=\"container\" data-e-type=\"container\">\n\t\t\t\t<div class=\"elementor-element elementor-element-8b6076b elementor-widget elementor-widget-image\" data-id=\"8b6076b\" data-element_type=\"widget\" data-e-type=\"widget\" data-widget_type=\"image.default\">\n\t\t\t\t\t\t\t\t\t\t\t\t\t\t\t<img loading=\"lazy\" decoding=\"async\" width=\"304\" height=\"236\" src=\"https:\/\/www.buzzartfestival.com\/wp-content\/uploads\/2026\/03\/VIEILLES-RECETTES-PARRAIN-2.jpg\" class=\"attachment-large size-large wp-image-1416\" alt=\"\" srcset=\"https:\/\/www.buzzartfestival.com\/wp-content\/uploads\/2026\/03\/VIEILLES-RECETTES-PARRAIN-2.jpg 304w, https:\/\/www.buzzartfestival.com\/wp-content\/uploads\/2026\/03\/VIEILLES-RECETTES-PARRAIN-2-300x233.jpg 300w\" sizes=\"(max-width: 304px) 100vw, 304px\" \/>\t\t\t\t\t\t\t\t\t\t\t\t\t\t\t<\/div>\n\t\t\t\t<div class=\"elementor-element elementor-element-a83f68c elementor-widget elementor-widget-heading\" data-id=\"a83f68c\" data-element_type=\"widget\" data-e-type=\"widget\" data-widget_type=\"heading.default\">\n\t\t\t\t\t<h4 class=\"elementor-heading-title elementor-size-default\">Xavier MATHIEU<\/h4>\t\t\t\t<\/div>\n\t\t\t\t<div class=\"elementor-element elementor-element-7f3ec9a elementor-widget-divider--view-line elementor-widget elementor-widget-divider\" data-id=\"7f3ec9a\" data-element_type=\"widget\" data-e-type=\"widget\" data-widget_type=\"divider.default\">\n\t\t\t\t\t\t\t<div class=\"elementor-divider\">\n\t\t\t<span class=\"elementor-divider-separator\">\n\t\t\t\t\t\t<\/span>\n\t\t<\/div>\n\t\t\t\t\t\t<\/div>\n\t\t\t\t<div class=\"elementor-element elementor-element-7427287 elementor-widget elementor-widget-heading\" data-id=\"7427287\" data-element_type=\"widget\" data-e-type=\"widget\" data-widget_type=\"heading.default\">\n\t\t\t\t\t<h5 class=\"elementor-heading-title elementor-size-default\">Parrain<\/h5>\t\t\t\t<\/div>\n\t\t\t\t<div class=\"elementor-element elementor-element-42ae194 elementor-widget elementor-widget-text-editor\" data-id=\"42ae194\" data-element_type=\"widget\" data-e-type=\"widget\" data-widget_type=\"text-editor.default\">\n\t\t\t\t\t\t\t\t\t<p><span dir=\"ltr\" role=\"presentation\">Chef du restaurant gastronomique<\/span><br role=\"presentation\" \/><span dir=\"ltr\" role=\"presentation\">La Table de Xavier Mathieu,<\/span><br role=\"presentation\" \/><span dir=\"ltr\" role=\"presentation\">situ\u00e9 au Relais &amp; Ch\u00e2teaux<\/span><br role=\"presentation\" \/><span dir=\"ltr\" role=\"presentation\">Le Ph\u00e9bus &amp; Spa \u00e0 Joucas,<\/span><br role=\"presentation\" \/><span dir=\"ltr\" role=\"presentation\">dans le Luberon<\/span><\/p>\t\t\t\t\t\t\t\t<\/div>\n\t\t\t\t<\/div>\n\t\t\t\t<\/div>\n\t\t<div class=\"elementor-element elementor-element-ef74e5a e-con-full e-flex e-con e-child\" data-id=\"ef74e5a\" data-element_type=\"container\" data-e-type=\"container\">\n\t\t<div class=\"elementor-element elementor-element-b6aed7f e-con-full e-flex e-con e-child\" data-id=\"b6aed7f\" data-element_type=\"container\" data-e-type=\"container\">\n\t\t\t\t<div class=\"elementor-element elementor-element-6425955 elementor-widget-divider--view-line elementor-widget elementor-widget-divider\" data-id=\"6425955\" data-element_type=\"widget\" data-e-type=\"widget\" data-widget_type=\"divider.default\">\n\t\t\t\t\t\t\t<div class=\"elementor-divider\">\n\t\t\t<span class=\"elementor-divider-separator\">\n\t\t\t\t\t\t<\/span>\n\t\t<\/div>\n\t\t\t\t\t\t<\/div>\n\t\t\t\t<div class=\"elementor-element elementor-element-5fb6f26 elementor-widget elementor-widget-heading\" data-id=\"5fb6f26\" data-element_type=\"widget\" data-e-type=\"widget\" data-widget_type=\"heading.default\">\n\t\t\t\t\t<h3 class=\"elementor-heading-title elementor-size-default\">Ensemble, faisons des vieilles recettes les cr\u00e9ations d\u2019aujourd\u2019hui.<\/h3>\t\t\t\t<\/div>\n\t\t\t\t<div class=\"elementor-element elementor-element-aeaa1ee elementor-widget elementor-widget-heading\" data-id=\"aeaa1ee\" data-element_type=\"widget\" data-e-type=\"widget\" data-widget_type=\"heading.default\">\n\t\t\t\t\t<h6 class=\"elementor-heading-title elementor-size-default\">lesvieillesrecettes@buzzartfestival<\/h6>\t\t\t\t<\/div>\n\t\t\t\t<div class=\"elementor-element elementor-element-2af0f3d elementor-widget elementor-widget-heading\" data-id=\"2af0f3d\" data-element_type=\"widget\" data-e-type=\"widget\" data-widget_type=\"heading.default\">\n\t\t\t\t\t<h6 class=\"elementor-heading-title elementor-size-default\">+ 33 (0) 6 33 10 83 25<\/h6>\t\t\t\t<\/div>\n\t\t\t\t<\/div>\n\t\t\t\t<\/div>\n\t\t\t\t\t<\/div>\n\t\t\t\t<\/div>\n\t\t\t\t<\/div>","protected":false},"excerpt":{"rendered":"<p>LES VIEILLES RECETTES REVISIT\u00c9ES Et si la tradition devenait votre plus bel atout de modernit\u00e9 ? Apr\u00e8s une premi\u00e8re \u00e9dition remarqu\u00e9e, le Rendez-vous des Vieilles Recettes revient \u00e0 L\u2019Isle-sur-la-Sorgue avec un nouveau th\u00e8me f\u00e9d\u00e9rateur et cr\u00e9atif : les vieilles recettes revisit\u00e9es. Un \u00e9v\u00e9nement qui met \u00e0 l\u2019honneur la cuisine comme un art \u00e0 part enti\u00e8re, [&hellip;]<\/p>\n","protected":false},"author":1,"featured_media":0,"parent":0,"menu_order":0,"comment_status":"closed","ping_status":"closed","template":"","meta":{"_acf_changed":false,"inline_featured_image":false,"footnotes":""},"class_list":["post-1257","page","type-page","status-publish","hentry"],"acf":[],"_links":{"self":[{"href":"https:\/\/www.buzzartfestival.com\/en\/wp-json\/wp\/v2\/pages\/1257","targetHints":{"allow":["GET"]}}],"collection":[{"href":"https:\/\/www.buzzartfestival.com\/en\/wp-json\/wp\/v2\/pages"}],"about":[{"href":"https:\/\/www.buzzartfestival.com\/en\/wp-json\/wp\/v2\/types\/page"}],"author":[{"embeddable":true,"href":"https:\/\/www.buzzartfestival.com\/en\/wp-json\/wp\/v2\/users\/1"}],"replies":[{"embeddable":true,"href":"https:\/\/www.buzzartfestival.com\/en\/wp-json\/wp\/v2\/comments?post=1257"}],"version-history":[{"count":40,"href":"https:\/\/www.buzzartfestival.com\/en\/wp-json\/wp\/v2\/pages\/1257\/revisions"}],"predecessor-version":[{"id":1562,"href":"https:\/\/www.buzzartfestival.com\/en\/wp-json\/wp\/v2\/pages\/1257\/revisions\/1562"}],"wp:attachment":[{"href":"https:\/\/www.buzzartfestival.com\/en\/wp-json\/wp\/v2\/media?parent=1257"}],"curies":[{"name":"wp","href":"https:\/\/api.w.org\/{rel}","templated":true}]}}