{"id":10,"date":"2026-01-23T11:28:04","date_gmt":"2026-01-23T10:28:04","guid":{"rendered":"https:\/\/buzzartfestival.com\/?page_id=10"},"modified":"2026-04-20T03:55:00","modified_gmt":"2026-04-20T01:55:00","slug":"soutenir-levenement","status":"publish","type":"page","link":"https:\/\/www.buzzartfestival.com\/en\/soutenir-levenement\/","title":{"rendered":"Soutenir"},"content":{"rendered":"\t\t<div data-elementor-type=\"wp-page\" data-elementor-id=\"10\" class=\"elementor elementor-10\" data-elementor-post-type=\"page\">\n\t\t\t\t<div class=\"elementor-element elementor-element-0fcb4b8 e-flex e-con-boxed e-con e-parent\" data-id=\"0fcb4b8\" data-element_type=\"container\" data-e-type=\"container\" data-settings=\"{&quot;background_background&quot;:&quot;classic&quot;}\">\n\t\t\t\t\t<div class=\"e-con-inner\">\n\t\t\t\t<div class=\"elementor-element elementor-element-e709cb1 elementor-widget elementor-widget-heading\" data-id=\"e709cb1\" data-element_type=\"widget\" data-e-type=\"widget\" data-widget_type=\"heading.default\">\n\t\t\t\t\t<h1 class=\"elementor-heading-title elementor-size-default\">SOUTENIR LE FESTIVAL<\/h1>\t\t\t\t<\/div>\n\t\t\t\t\t<\/div>\n\t\t\t\t<\/div>\n\t\t<div class=\"elementor-element elementor-element-9a7c1de e-flex e-con-boxed e-con e-parent\" data-id=\"9a7c1de\" data-element_type=\"container\" data-e-type=\"container\">\n\t\t\t\t\t<div class=\"e-con-inner\">\n\t\t<div class=\"elementor-element elementor-element-4822c38 e-con-full e-flex e-con e-child\" data-id=\"4822c38\" data-element_type=\"container\" data-e-type=\"container\" data-settings=\"{&quot;background_background&quot;:&quot;classic&quot;}\">\n\t\t\t\t<div class=\"elementor-element elementor-element-b642a96 elementor-widget elementor-widget-heading\" data-id=\"b642a96\" data-element_type=\"widget\" data-e-type=\"widget\" data-widget_type=\"heading.default\">\n\t\t\t\t\t<h4 class=\"elementor-heading-title elementor-size-default\">Devenir membre<\/h4>\t\t\t\t<\/div>\n\t\t<div class=\"elementor-element elementor-element-87ec130 e-con-full e-flex e-con e-child\" data-id=\"87ec130\" data-element_type=\"container\" data-e-type=\"container\">\n\t\t\t\t<div class=\"elementor-element elementor-element-d54436f elementor-widget elementor-widget-heading\" data-id=\"d54436f\" data-element_type=\"widget\" data-e-type=\"widget\" data-widget_type=\"heading.default\">\n\t\t\t\t\t<h6 class=\"elementor-heading-title elementor-size-default\">30\u20ac (Adh\u00e9sion valable pendant 1 an)<\/h6>\t\t\t\t<\/div>\n\t\t\t\t<div class=\"elementor-element elementor-element-b91527d elementor-widget elementor-widget-text-editor\" data-id=\"b91527d\" data-element_type=\"widget\" data-e-type=\"widget\" data-widget_type=\"text-editor.default\">\n\t\t\t\t\t\t\t\t\t<p>Soutenez Buzz Art en devenant membre de l&rsquo;association. Participez \u00e0 sa mise en\u00a0<em>\u0153<\/em>uvre. Vivez le festival de l&rsquo;int\u00e9rieur.\u00a0<\/p>\t\t\t\t\t\t\t\t<\/div>\n\t\t\t\t<\/div>\n\t\t\t\t<div class=\"elementor-element elementor-element-8a41aa9 elementor-align-center elementor-widget elementor-widget-button\" data-id=\"8a41aa9\" data-element_type=\"widget\" data-e-type=\"widget\" data-widget_type=\"button.default\">\n\t\t\t\t\t\t\t\t\t\t<a class=\"elementor-button elementor-button-link elementor-size-sm elementor-animation-shrink\" href=\"https:\/\/www.helloasso.com\/associations\/agavais\/adhesions\/devenir-membre\">\n\t\t\t\t\t\t<span class=\"elementor-button-content-wrapper\">\n\t\t\t\t\t\t\t\t\t<span class=\"elementor-button-text\">J'adh\u00e8re<\/span>\n\t\t\t\t\t<\/span>\n\t\t\t\t\t<\/a>\n\t\t\t\t\t\t\t\t<\/div>\n\t\t\t\t<\/div>\n\t\t<div class=\"elementor-element elementor-element-95fc58c e-con-full e-flex e-con e-child\" data-id=\"95fc58c\" data-element_type=\"container\" data-e-type=\"container\" data-settings=\"{&quot;background_background&quot;:&quot;classic&quot;}\">\n\t\t\t\t<div class=\"elementor-element elementor-element-e21a425 elementor-widget elementor-widget-heading\" data-id=\"e21a425\" data-element_type=\"widget\" data-e-type=\"widget\" data-widget_type=\"heading.default\">\n\t\t\t\t\t<h4 class=\"elementor-heading-title elementor-size-default\">Faire un don<\/h4>\t\t\t\t<\/div>\n\t\t<div class=\"elementor-element elementor-element-f413655 e-con-full e-flex e-con e-child\" data-id=\"f413655\" data-element_type=\"container\" data-e-type=\"container\">\n\t\t\t\t<div class=\"elementor-element elementor-element-e1e2eb4 elementor-widget elementor-widget-heading\" data-id=\"e1e2eb4\" data-element_type=\"widget\" data-e-type=\"widget\" data-widget_type=\"heading.default\">\n\t\t\t\t\t<h6 class=\"elementor-heading-title elementor-size-default\">D\u00e9ductible des imp\u00f4ts de 60 \u00e0 66%<\/h6>\t\t\t\t<\/div>\n\t\t\t\t<div class=\"elementor-element elementor-element-81d7313 elementor-widget elementor-widget-text-editor\" data-id=\"81d7313\" data-element_type=\"widget\" data-e-type=\"widget\" data-widget_type=\"text-editor.default\">\n\t\t\t\t\t\t\t\t\t<p>En donnant \u00e0 l&rsquo;association, vous permettez au festival de rester gratuit et accessible \u00e0 tous.\u00a0<\/p>\t\t\t\t\t\t\t\t<\/div>\n\t\t\t\t<\/div>\n\t\t\t\t<div class=\"elementor-element elementor-element-13b51cd elementor-align-center elementor-widget elementor-widget-button\" data-id=\"13b51cd\" data-element_type=\"widget\" data-e-type=\"widget\" data-widget_type=\"button.default\">\n\t\t\t\t\t\t\t\t\t\t<a class=\"elementor-button elementor-button-link elementor-size-sm elementor-animation-shrink\" href=\"https:\/\/www.helloasso.com\/associations\/agavais\/adhesions\/devenir-membre\">\n\t\t\t\t\t\t<span class=\"elementor-button-content-wrapper\">\n\t\t\t\t\t\t\t\t\t<span class=\"elementor-button-text\">Je soutiens<\/span>\n\t\t\t\t\t<\/span>\n\t\t\t\t\t<\/a>\n\t\t\t\t\t\t\t\t<\/div>\n\t\t\t\t<\/div>\n\t\t<div class=\"elementor-element elementor-element-ec3a390 e-con-full e-flex e-con e-child\" data-id=\"ec3a390\" data-element_type=\"container\" data-e-type=\"container\" data-settings=\"{&quot;background_background&quot;:&quot;classic&quot;}\">\n\t\t\t\t<div class=\"elementor-element elementor-element-2263b1e elementor-widget elementor-widget-heading\" data-id=\"2263b1e\" data-element_type=\"widget\" data-e-type=\"widget\" data-widget_type=\"heading.default\">\n\t\t\t\t\t<h4 class=\"elementor-heading-title elementor-size-default\">Fonds de dotation<\/h4>\t\t\t\t<\/div>\n\t\t<div class=\"elementor-element elementor-element-e33a6a4 e-con-full e-flex e-con e-child\" data-id=\"e33a6a4\" data-element_type=\"container\" data-e-type=\"container\">\n\t\t\t\t<div class=\"elementor-element elementor-element-50551d2 elementor-widget elementor-widget-heading\" data-id=\"50551d2\" data-element_type=\"widget\" data-e-type=\"widget\" data-widget_type=\"heading.default\">\n\t\t\t\t\t<h6 class=\"elementor-heading-title elementor-size-default\">D\u00e9ductible des imp\u00f4ts de 60 \u00e0 66%<\/h6>\t\t\t\t<\/div>\n\t\t\t\t<div class=\"elementor-element elementor-element-4736c83 elementor-widget elementor-widget-text-editor\" data-id=\"4736c83\" data-element_type=\"widget\" data-e-type=\"widget\" data-widget_type=\"text-editor.default\">\n\t\t\t\t\t\t\t\t\t<p>Le fonds de dotation L&rsquo;Art Fait Soci\u00e9t\u00e9 a pour mission de promouvoir la richesse culturelle sous toutes ses formes.<\/p>\t\t\t\t\t\t\t\t<\/div>\n\t\t\t\t<\/div>\n\t\t\t\t<div class=\"elementor-element elementor-element-6e56aec elementor-align-center elementor-widget elementor-widget-button\" data-id=\"6e56aec\" data-element_type=\"widget\" data-e-type=\"widget\" data-widget_type=\"button.default\">\n\t\t\t\t\t\t\t\t\t\t<a class=\"elementor-button elementor-button-link elementor-size-sm elementor-animation-shrink\" href=\"https:\/\/www.helloasso.com\/associations\/l-art-fait-societe\/formulaires\/1\">\n\t\t\t\t\t\t<span class=\"elementor-button-content-wrapper\">\n\t\t\t\t\t\t\t\t\t<span class=\"elementor-button-text\">Je donne<\/span>\n\t\t\t\t\t<\/span>\n\t\t\t\t\t<\/a>\n\t\t\t\t\t\t\t\t<\/div>\n\t\t\t\t<\/div>\n\t\t\t\t\t<\/div>\n\t\t\t\t<\/div>\n\t\t<div class=\"elementor-element elementor-element-f3a690d e-flex e-con-boxed e-con e-parent\" data-id=\"f3a690d\" data-element_type=\"container\" data-e-type=\"container\" data-settings=\"{&quot;background_background&quot;:&quot;classic&quot;}\">\n\t\t\t\t\t<div class=\"e-con-inner\">\n\t\t\t\t<div class=\"elementor-element elementor-element-f6384e6 elementor-widget elementor-widget-heading\" data-id=\"f6384e6\" data-element_type=\"widget\" data-e-type=\"widget\" data-widget_type=\"heading.default\">\n\t\t\t\t\t<h1 class=\"elementor-heading-title elementor-size-default\">DEVENIR B\u00c9N\u00c9VOLE<\/h1>\t\t\t\t<\/div>\n\t\t<div class=\"elementor-element elementor-element-78b5318 e-con-full e-flex e-con e-child\" data-id=\"78b5318\" data-element_type=\"container\" data-e-type=\"container\">\n\t\t<div class=\"elementor-element elementor-element-e7e93c7 e-con-full e-flex e-con e-child\" data-id=\"e7e93c7\" data-element_type=\"container\" data-e-type=\"container\">\n\t\t\t\t<div class=\"elementor-element elementor-element-e947677 elementor-widget elementor-widget-image\" data-id=\"e947677\" data-element_type=\"widget\" data-e-type=\"widget\" data-widget_type=\"image.default\">\n\t\t\t\t\t\t\t\t\t\t\t\t\t\t\t<img fetchpriority=\"high\" decoding=\"async\" width=\"1536\" height=\"847\" src=\"https:\/\/www.buzzartfestival.com\/wp-content\/uploads\/2026\/03\/Equipe-Benevoles-crop.jpeg\" class=\"attachment-full size-full wp-image-1739\" alt=\"\" srcset=\"https:\/\/www.buzzartfestival.com\/wp-content\/uploads\/2026\/03\/Equipe-Benevoles-crop.jpeg 1536w, https:\/\/www.buzzartfestival.com\/wp-content\/uploads\/2026\/03\/Equipe-Benevoles-crop-300x165.jpeg 300w, https:\/\/www.buzzartfestival.com\/wp-content\/uploads\/2026\/03\/Equipe-Benevoles-crop-1024x565.jpeg 1024w, https:\/\/www.buzzartfestival.com\/wp-content\/uploads\/2026\/03\/Equipe-Benevoles-crop-768x424.jpeg 768w\" sizes=\"(max-width: 1536px) 100vw, 1536px\" \/>\t\t\t\t\t\t\t\t\t\t\t\t\t\t\t<\/div>\n\t\t\t\t<\/div>\n\t\t<div class=\"elementor-element elementor-element-187a52e e-con-full e-flex e-con e-child\" data-id=\"187a52e\" data-element_type=\"container\" data-e-type=\"container\">\n\t\t\t\t<div class=\"elementor-element elementor-element-3a727e8 elementor-widget__width-initial elementor-widget-mobile__width-initial elementor-widget elementor-widget-text-editor\" data-id=\"3a727e8\" data-element_type=\"widget\" data-e-type=\"widget\" data-widget_type=\"text-editor.default\">\n\t\t\t\t\t\t\t\t\t<div class=\"elementor-element elementor-element-b16c518 elementor-widget elementor-widget-text-editor\" data-id=\"b16c518\" data-element_type=\"widget\" data-widget_type=\"text-editor.default\"><div class=\"elementor-widget-container\"><p class=\"p1\"><span class=\"s1\">Devenir b\u00e9n\u00e9vole au BUZZ ART FESTIVAL, c\u2019est vivre le festival de l\u2019int\u00e9rieur. <\/span>Les b\u00e9n\u00e9voles sont le c<em>\u0153<\/em>ur du Festival ! Ils participent \u00e0 son bon d\u00e9roulement dans la bonne humeur, l\u2019entraide et la bienveillance ! Rejoindre l\u2019\u00e9quipe des b\u00e9n\u00e9voles, c\u2019est vivre le festival autrement, profiter d\u2019opportunit\u00e9s uniques et s\u2019investir dans un beau projet local !<\/p><\/div><\/div>\t\t\t\t\t\t\t\t<\/div>\n\t\t\t\t<\/div>\n\t\t\t\t<div class=\"elementor-element elementor-element-cdcb8ba elementor-button-align-stretch elementor-widget elementor-widget-form\" data-id=\"cdcb8ba\" data-element_type=\"widget\" data-e-type=\"widget\" data-settings=\"{&quot;step_next_label&quot;:&quot;Suivant&quot;,&quot;step_previous_label&quot;:&quot;Pr\\u00e9c\\u00e9dent&quot;,&quot;button_width&quot;:&quot;100&quot;,&quot;step_type&quot;:&quot;number_text&quot;,&quot;step_icon_shape&quot;:&quot;circle&quot;}\" data-widget_type=\"form.default\">\n\t\t\t\t\t\t\t<form class=\"elementor-form\" method=\"post\" name=\"Nouveau formulaire\" aria-label=\"Nouveau formulaire\">\n\t\t\t<input type=\"hidden\" name=\"post_id\" value=\"10\"\/>\n\t\t\t<input type=\"hidden\" name=\"form_id\" value=\"cdcb8ba\"\/>\n\t\t\t<input type=\"hidden\" name=\"referer_title\" value=\"Billetterie, soutien, dons pour l\u2019association - Buzz ART Festival\" \/>\n\n\t\t\t\t\t\t\t<input type=\"hidden\" name=\"queried_id\" value=\"10\"\/>\n\t\t\t\n\t\t\t<div class=\"elementor-form-fields-wrapper elementor-labels-\">\n\t\t\t\t\t\t\t\t<div class=\"elementor-field-type-text elementor-field-group elementor-column elementor-field-group-name elementor-col-100\">\n\t\t\t\t\t\t\t\t\t\t\t\t<label for=\"form-field-name\" class=\"elementor-field-label elementor-screen-only\">\n\t\t\t\t\t\t\t\tNom\t\t\t\t\t\t\t<\/label>\n\t\t\t\t\t\t\t\t\t\t\t\t\t\t<input size=\"1\" type=\"text\" name=\"form_fields[name]\" id=\"form-field-name\" class=\"elementor-field elementor-size-md  elementor-field-textual\" placeholder=\"Nom\">\n\t\t\t\t\t\t\t\t\t\t\t<\/div>\n\t\t\t\t\t\t\t\t<div class=\"elementor-field-type-email elementor-field-group elementor-column elementor-field-group-email elementor-col-100 elementor-field-required\">\n\t\t\t\t\t\t\t\t\t\t\t\t<label for=\"form-field-email\" class=\"elementor-field-label elementor-screen-only\">\n\t\t\t\t\t\t\t\tE-mail\t\t\t\t\t\t\t<\/label>\n\t\t\t\t\t\t\t\t\t\t\t\t\t\t<input size=\"1\" type=\"email\" name=\"form_fields[email]\" id=\"form-field-email\" class=\"elementor-field elementor-size-md  elementor-field-textual\" placeholder=\"E-mail\" required=\"required\">\n\t\t\t\t\t\t\t\t\t\t\t<\/div>\n\t\t\t\t\t\t\t\t<div class=\"elementor-field-type-textarea elementor-field-group elementor-column elementor-field-group-message elementor-col-100\">\n\t\t\t\t\t\t\t\t\t\t\t\t<label for=\"form-field-message\" class=\"elementor-field-label elementor-screen-only\">\n\t\t\t\t\t\t\t\tMessage\t\t\t\t\t\t\t<\/label>\n\t\t\t\t\t\t<textarea class=\"elementor-field-textual elementor-field  elementor-size-md\" name=\"form_fields[message]\" id=\"form-field-message\" rows=\"4\" placeholder=\"Message\"><\/textarea>\t\t\t\t<\/div>\n\t\t\t\t\t\t\t\t<div class=\"elementor-field-group elementor-column elementor-field-type-submit elementor-col-100 e-form__buttons\">\n\t\t\t\t\t<button class=\"elementor-button elementor-size-sm elementor-animation-shrink\" type=\"submit\">\n\t\t\t\t\t\t<span class=\"elementor-button-content-wrapper\">\n\t\t\t\t\t\t\t\t\t\t\t\t\t\t\t\t\t\t\t\t\t\t<span class=\"elementor-button-text\">Envoyer<\/span>\n\t\t\t\t\t\t\t\t\t\t\t\t\t<\/span>\n\t\t\t\t\t<\/button>\n\t\t\t\t<\/div>\n\t\t\t<\/div>\n\t\t<\/form>\n\t\t\t\t\t\t<\/div>\n\t\t\t\t<\/div>\n\t\t\t\t\t<\/div>\n\t\t\t\t<\/div>\n\t\t\t\t<\/div>\n\t\t","protected":false},"excerpt":{"rendered":"<p>SOUTENIR LE FESTIVAL Devenir membre 30\u20ac (Adh\u00e9sion valable pendant 1 an) Soutenez Buzz Art en devenant membre de l&rsquo;association. Participez \u00e0 sa mise en\u00a0\u0153uvre. Vivez le festival de l&rsquo;int\u00e9rieur.\u00a0 J&rsquo;adh\u00e8re Faire un don D\u00e9ductible des imp\u00f4ts de 60 \u00e0 66% En donnant \u00e0 l&rsquo;association, vous permettez au festival de rester gratuit et accessible \u00e0 tous.\u00a0 [&hellip;]<\/p>\n","protected":false},"author":1,"featured_media":0,"parent":0,"menu_order":0,"comment_status":"closed","ping_status":"closed","template":"","meta":{"_acf_changed":false,"inline_featured_image":false,"footnotes":""},"class_list":["post-10","page","type-page","status-publish","hentry"],"acf":[],"_links":{"self":[{"href":"https:\/\/www.buzzartfestival.com\/en\/wp-json\/wp\/v2\/pages\/10","targetHints":{"allow":["GET"]}}],"collection":[{"href":"https:\/\/www.buzzartfestival.com\/en\/wp-json\/wp\/v2\/pages"}],"about":[{"href":"https:\/\/www.buzzartfestival.com\/en\/wp-json\/wp\/v2\/types\/page"}],"author":[{"embeddable":true,"href":"https:\/\/www.buzzartfestival.com\/en\/wp-json\/wp\/v2\/users\/1"}],"replies":[{"embeddable":true,"href":"https:\/\/www.buzzartfestival.com\/en\/wp-json\/wp\/v2\/comments?post=10"}],"version-history":[{"count":270,"href":"https:\/\/www.buzzartfestival.com\/en\/wp-json\/wp\/v2\/pages\/10\/revisions"}],"predecessor-version":[{"id":2057,"href":"https:\/\/www.buzzartfestival.com\/en\/wp-json\/wp\/v2\/pages\/10\/revisions\/2057"}],"wp:attachment":[{"href":"https:\/\/www.buzzartfestival.com\/en\/wp-json\/wp\/v2\/media?parent=10"}],"curies":[{"name":"wp","href":"https:\/\/api.w.org\/{rel}","templated":true}]}}